{"id":1519,"date":"2025-11-13T14:26:10","date_gmt":"2025-11-13T14:26:10","guid":{"rendered":"https:\/\/soloweb.com.br\/demos\/automoveis\/?post_type=product&#038;p=1519"},"modified":"2025-11-13T14:26:11","modified_gmt":"2025-11-13T14:26:11","slug":"volkswagen-golf-1-6-mi-total-flex-8v-4p-2010","status":"publish","type":"product","link":"https:\/\/soloweb.com.br\/demos\/automoveis\/produto\/volkswagen-golf-1-6-mi-total-flex-8v-4p-2010\/","title":{"rendered":"Volkswagen Golf 1.6 MI Total Flex 8V 4P 2010"},"content":{"rendered":"<p>Carro de proced\u00eancia.\u00a0 N\u00e3o possui 1 arranh\u00e3o na pintura, motor zero usado apenas para passeio em fam\u00edlia.<\/p>\n","protected":false},"excerpt":{"rendered":"<div class=\"ad__sc-2h9gkk-0 dLQbjb olx-container olx-container--outlined olx-d-flex\" data-ds-component=\"DS-Container\">\n<div class=\"ad__sc-2h9gkk-1 jhmjmi\"><span class=\"olx-text olx-text--overline olx-text--block olx-mb-0-5 olx-color-neutral-120\" data-ds-component=\"DS-Text\" data-variant=\"overline\">MARCA: Volkswagem<\/span><\/div>\n<\/div>\n<div class=\"ad__sc-2h9gkk-0 dLQbjb olx-container olx-container--outlined olx-d-flex\" data-ds-component=\"DS-Container\">\n<div class=\"ad__sc-2h9gkk-1 jhmjmi\">\n<div class=\"erd_scroll_detection_container erd_scroll_detection_container_animation_active\">\n<div class=\"erd_scroll_detection_container\" dir=\"ltr\">\n<div class=\"erd_scroll_detection_container\">\n<div>\n<div><\/div>\n<\/div>\n<\/div>\n<\/div>\n<\/div>\n<\/div>\n<\/div>\n<div class=\"ad__sc-2h9gkk-0 dLQbjb olx-container olx-container--outlined olx-d-flex\" data-ds-component=\"DS-Container\">\n<div class=\"ad__sc-2h9gkk-1 jhmjmi\"><span class=\"olx-text olx-text--overline olx-text--block olx-mb-0-5 olx-color-neutral-120\" data-ds-component=\"DS-Text\" data-variant=\"overline\">ANO: 2010<\/span><\/div>\n<\/div>\n<div class=\"ad__sc-2h9gkk-0 dLQbjb olx-container olx-container--outlined olx-d-flex\" data-ds-component=\"DS-Container\">\n<div class=\"ad__sc-2h9gkk-2 kRjGLe\"><\/div>\n<div class=\"ad__sc-2h9gkk-1 jhmjmi\"><span class=\"olx-text olx-text--overline olx-text--block olx-mb-0-5 olx-color-neutral-120\" data-ds-component=\"DS-Text\" data-variant=\"overline\">QUILOMETRAGEM: <\/span><span class=\"ad__sc-hj0yqs-0 ekhFnR\">190000<\/span><\/p>\n<div class=\"erd_scroll_detection_container erd_scroll_detection_container_animation_active\">\n<div class=\"erd_scroll_detection_container\" dir=\"ltr\">\n<div class=\"erd_scroll_detection_container\">\n<div>\n<div><\/div>\n<\/div>\n<div>\n<div><\/div>\n<\/div>\n<\/div>\n<\/div>\n<\/div>\n<\/div>\n<\/div>\n<div class=\"ad__sc-2h9gkk-0 dLQbjb olx-container olx-container--outlined olx-d-flex\" data-ds-component=\"DS-Container\">\n<div class=\"ad__sc-2h9gkk-2 kRjGLe\"><\/div>\n<div class=\"ad__sc-2h9gkk-1 jhmjmi\"><span class=\"olx-text olx-text--overline olx-text--block olx-mb-0-5 olx-color-neutral-120\" data-ds-component=\"DS-Text\" data-variant=\"overline\">POT\u00caNCIA DO MOTOR: <\/span><span class=\"ad__sc-hj0yqs-0 ekhFnR\">1.6<\/span><\/p>\n<div class=\"erd_scroll_detection_container erd_scroll_detection_container_animation_active\">\n<div class=\"erd_scroll_detection_container\" dir=\"ltr\">\n<div class=\"erd_scroll_detection_container\">\n<div>\n<div><\/div>\n<\/div>\n<div>\n<div><\/div>\n<\/div>\n<\/div>\n<\/div>\n<\/div>\n<\/div>\n<\/div>\n<div class=\"ad__sc-2h9gkk-0 dLQbjb olx-container olx-container--outlined olx-d-flex\" data-ds-component=\"DS-Container\">\n<div class=\"ad__sc-2h9gkk-2 kRjGLe\"><\/div>\n<div class=\"ad__sc-2h9gkk-1 jhmjmi\"><span class=\"olx-text olx-text--overline olx-text--block olx-mb-0-5 olx-color-neutral-120\" data-ds-component=\"DS-Text\" data-variant=\"overline\">COMBUST\u00cdVEL: Flex<\/span><\/div>\n<\/div>\n<div class=\"ad__sc-2h9gkk-0 dLQbjb olx-container olx-container--outlined olx-d-flex\" data-ds-component=\"DS-Container\">\n<div class=\"ad__sc-2h9gkk-2 kRjGLe\"><\/div>\n<div class=\"ad__sc-2h9gkk-1 jhmjmi\"><span class=\"olx-text olx-text--overline olx-text--block olx-mb-0-5 olx-color-neutral-120\" data-ds-component=\"DS-Text\" data-variant=\"overline\">C\u00c2MBIO: <\/span><span class=\"ad__sc-hj0yqs-0 ekhFnR\">Manual<\/span><\/p>\n<div class=\"erd_scroll_detection_container erd_scroll_detection_container_animation_active\">\n<div class=\"erd_scroll_detection_container\" dir=\"ltr\">\n<div class=\"erd_scroll_detection_container\">\n<div>\n<div><\/div>\n<\/div>\n<div>\n<div><\/div>\n<\/div>\n<\/div>\n<\/div>\n<\/div>\n<\/div>\n<\/div>\n<div class=\"ad__sc-2h9gkk-0 dLQbjb olx-container olx-container--outlined olx-d-flex\" data-ds-component=\"DS-Container\">\n<div class=\"ad__sc-2h9gkk-2 kRjGLe\"><\/div>\n<div class=\"ad__sc-2h9gkk-1 jhmjmi\"><span class=\"olx-text olx-text--overline olx-text--block olx-mb-0-5 olx-color-neutral-120\" data-ds-component=\"DS-Text\" data-variant=\"overline\">DIRE\u00c7\u00c3O: <\/span><span class=\"ad__sc-hj0yqs-0 ekhFnR\">Hidr\u00e1ulica<\/span><\/p>\n<div class=\"erd_scroll_detection_container erd_scroll_detection_container_animation_active\">\n<div class=\"erd_scroll_detection_container\" dir=\"ltr\">\n<div class=\"erd_scroll_detection_container\">\n<div>\n<div><\/div>\n<\/div>\n<div>\n<div><\/div>\n<\/div>\n<\/div>\n<\/div>\n<\/div>\n<\/div>\n<\/div>\n<div class=\"ad__sc-2h9gkk-0 dLQbjb olx-container olx-container--outlined olx-d-flex\" data-ds-component=\"DS-Container\">\n<div class=\"ad__sc-2h9gkk-2 kRjGLe\"><\/div>\n<div class=\"ad__sc-2h9gkk-1 jhmjmi\"><span class=\"olx-text olx-text--overline olx-text--block olx-mb-0-5 olx-color-neutral-120\" data-ds-component=\"DS-Text\" data-variant=\"overline\">COR: <\/span><span class=\"ad__sc-hj0yqs-0 ekhFnR\">Prata<\/span><\/p>\n<div class=\"erd_scroll_detection_container erd_scroll_detection_container_animation_active\">\n<div class=\"erd_scroll_detection_container\" dir=\"ltr\">\n<div class=\"erd_scroll_detection_container\">\n<div>\n<div><\/div>\n<\/div>\n<div>\n<div><\/div>\n<\/div>\n<\/div>\n<\/div>\n<\/div>\n<\/div>\n<\/div>\n<div class=\"ad__sc-2h9gkk-0 dLQbjb olx-container olx-container--outlined olx-d-flex\" data-ds-component=\"DS-Container\">\n<div class=\"ad__sc-2h9gkk-2 kRjGLe\"><\/div>\n<div class=\"ad__sc-2h9gkk-1 jhmjmi\"><span class=\"olx-text olx-text--overline olx-text--block olx-mb-0-5 olx-color-neutral-120\" data-ds-component=\"DS-Text\" data-variant=\"overline\">PORTAS: <\/span><span class=\"ad__sc-hj0yqs-0 ekhFnR\">4 Portas<\/span><\/p>\n<div class=\"erd_scroll_detection_container erd_scroll_detection_container_animation_active\">\n<div class=\"erd_scroll_detection_container\" dir=\"ltr\">\n<div class=\"erd_scroll_detection_container\">\n<div>\n<div><\/div>\n<\/div>\n<div>\n<div><\/div>\n<\/div>\n<\/div>\n<\/div>\n<\/div>\n<\/div>\n<\/div>\n<div class=\"ad__sc-2h9gkk-0 dLQbjb olx-container olx-container--outlined olx-d-flex\" data-ds-component=\"DS-Container\">\n<div class=\"ad__sc-2h9gkk-2 kRjGLe\"><\/div>\n<div class=\"ad__sc-2h9gkk-1 jhmjmi\"><span class=\"olx-text olx-text--overline olx-text--block olx-mb-0-5 olx-color-neutral-120\" data-ds-component=\"DS-Text\" data-variant=\"overline\">FINAL DE PLACA: <\/span><span class=\"ad__sc-hj0yqs-0 ekhFnR\">9<\/span><\/p>\n<div class=\"erd_scroll_detection_container erd_scroll_detection_container_animation_active\">\n<div class=\"erd_scroll_detection_container\" dir=\"ltr\">\n<div class=\"erd_scroll_detection_container\">\n<div>\n<div><\/div>\n<\/div>\n<div>\n<div><\/div>\n<\/div>\n<\/div>\n<\/div>\n<\/div>\n<\/div>\n<\/div>\n<div class=\"ad__sc-2h9gkk-0 dLQbjb olx-container olx-container--outlined olx-d-flex\" data-ds-component=\"DS-Container\">\n<div class=\"ad__sc-2h9gkk-2 kRjGLe\"><\/div>\n<div class=\"ad__sc-2h9gkk-1 jhmjmi\"><span class=\"olx-text olx-text--overline olx-text--block olx-mb-0-5 olx-color-neutral-120\" data-ds-component=\"DS-Text\" data-variant=\"overline\">POSSUI KIT GNV: <\/span><span class=\"ad__sc-hj0yqs-0 ekhFnR\">N\u00e3o<\/span><\/div>\n<\/div>\n","protected":false},"featured_media":1520,"comment_status":"closed","ping_status":"closed","template":"","meta":{"_acf_changed":false},"product_brand":[],"product_cat":[146],"product_tag":[],"class_list":{"0":"post-1519","1":"product","2":"type-product","3":"status-publish","4":"has-post-thumbnail","6":"product_cat-hacth","8":"first","9":"instock","10":"shipping-taxable","11":"product-type-external"},"acf":[],"_links":{"self":[{"href":"https:\/\/soloweb.com.br\/demos\/automoveis\/wp-json\/wp\/v2\/product\/1519","targetHints":{"allow":["GET"]}}],"collection":[{"href":"https:\/\/soloweb.com.br\/demos\/automoveis\/wp-json\/wp\/v2\/product"}],"about":[{"href":"https:\/\/soloweb.com.br\/demos\/automoveis\/wp-json\/wp\/v2\/types\/product"}],"replies":[{"embeddable":true,"href":"https:\/\/soloweb.com.br\/demos\/automoveis\/wp-json\/wp\/v2\/comments?post=1519"}],"wp:featuredmedia":[{"embeddable":true,"href":"https:\/\/soloweb.com.br\/demos\/automoveis\/wp-json\/wp\/v2\/media\/1520"}],"wp:attachment":[{"href":"https:\/\/soloweb.com.br\/demos\/automoveis\/wp-json\/wp\/v2\/media?parent=1519"}],"wp:term":[{"taxonomy":"product_brand","embeddable":true,"href":"https:\/\/soloweb.com.br\/demos\/automoveis\/wp-json\/wp\/v2\/product_brand?post=1519"},{"taxonomy":"product_cat","embeddable":true,"href":"https:\/\/soloweb.com.br\/demos\/automoveis\/wp-json\/wp\/v2\/product_cat?post=1519"},{"taxonomy":"product_tag","embeddable":true,"href":"https:\/\/soloweb.com.br\/demos\/automoveis\/wp-json\/wp\/v2\/product_tag?post=1519"}],"curies":[{"name":"wp","href":"https:\/\/api.w.org\/{rel}","templated":true}]}}