{"id":1524,"date":"2025-11-13T19:20:10","date_gmt":"2025-11-13T19:20:10","guid":{"rendered":"https:\/\/soloweb.com.br\/demos\/automoveis\/?post_type=product&#038;p=1524"},"modified":"2025-11-13T19:20:10","modified_gmt":"2025-11-13T19:20:10","slug":"chevrolet-s10-pick-up-luxe-2-2-mpfi-efi-1995","status":"publish","type":"product","link":"https:\/\/soloweb.com.br\/demos\/automoveis\/produto\/chevrolet-s10-pick-up-luxe-2-2-mpfi-efi-1995\/","title":{"rendered":"Chevrolet S10 Pick-up Luxe 2.2 MPFI \/ EFI 1995"},"content":{"rendered":"<p>S10 cabine simples em \u00f3timo estado, \u00f3timo carro para quem deseja usar pra trabalho devido ao grande espa\u00e7o na carroceria, parte traseira levantada e refor\u00e7ada para aguentar mais peso.<\/p>\n<p>&nbsp;<\/p>\n<p>Opicionais:<\/p>\n<div>\n<div class=\"ad__sc-1jr3zuf-2 bDLdHD\"><span class=\"olx-badge olx-badge--info olx-badge--medium olx-badge--rectangle\" data-ds-component=\"DS-Badge\"><span class=\"olx-text olx-text--body-small olx-text--block olx-text--semibold\" data-ds-component=\"DS-Text\">Alarme<\/span><\/span><\/div>\n<div class=\"ad__sc-1jr3zuf-2 bDLdHD\"><span class=\"olx-badge olx-badge--info olx-badge--medium olx-badge--rectangle\" data-ds-component=\"DS-Badge\"><span class=\"olx-text olx-text--body-small olx-text--block olx-text--semibold\" data-ds-component=\"DS-Text\">Bancos de couro<\/span><\/span><\/div>\n<div class=\"ad__sc-1jr3zuf-2 bDLdHD\"><span class=\"olx-badge olx-badge--info olx-badge--medium olx-badge--rectangle\" data-ds-component=\"DS-Badge\"><span class=\"olx-text olx-text--body-small olx-text--block olx-text--semibold\" data-ds-component=\"DS-Text\">C\u00e2mera de r\u00e9<\/span><\/span><\/div>\n<div class=\"ad__sc-1jr3zuf-2 bDLdHD\"><span class=\"olx-badge olx-badge--info olx-badge--medium olx-badge--rectangle\" data-ds-component=\"DS-Badge\"><span class=\"olx-text olx-text--body-small olx-text--block olx-text--semibold\" data-ds-component=\"DS-Text\">Conex\u00e3o USB<\/span><\/span><\/div>\n<div class=\"ad__sc-1jr3zuf-2 bDLdHD\"><span class=\"olx-badge olx-badge--info olx-badge--medium olx-badge--rectangle\" data-ds-component=\"DS-Badge\"><span class=\"olx-text olx-text--body-small olx-text--block olx-text--semibold\" data-ds-component=\"DS-Text\">Rodas de liga leve<\/span><\/span><\/div>\n<div class=\"ad__sc-1jr3zuf-2 bDLdHD\"><span class=\"olx-badge olx-badge--info olx-badge--medium olx-badge--rectangle\" data-ds-component=\"DS-Badge\"><span class=\"olx-text olx-text--body-small olx-text--block olx-text--semibold\" data-ds-component=\"DS-Text\">Som<\/span><\/span><\/div>\n<div class=\"ad__sc-1jr3zuf-2 bDLdHD\"><span class=\"olx-badge olx-badge--info olx-badge--medium olx-badge--rectangle\" data-ds-component=\"DS-Badge\"><span class=\"olx-text olx-text--body-small olx-text--block olx-text--semibold\" data-ds-component=\"DS-Text\">Trava el\u00e9trica<\/span><\/span><\/div>\n<div class=\"ad__sc-1jr3zuf-2 bDLdHD\"><span class=\"olx-badge olx-badge--info olx-badge--medium olx-badge--rectangle\" data-ds-component=\"DS-Badge\"><span class=\"olx-text olx-text--body-small olx-text--block olx-text--semibold\" data-ds-component=\"DS-Text\">Vidro el\u00e9trico<\/span><\/span><\/div>\n<\/div>\n","protected":false},"excerpt":{"rendered":"<div class=\"ad__sc-2h9gkk-0 dLQbjb olx-container olx-container--outlined olx-d-flex\" data-ds-component=\"DS-Container\">\n<div class=\"ad__sc-2h9gkk-1 jhmjmi\"><span class=\"olx-text olx-text--overline olx-text--block olx-mb-0-5 olx-color-neutral-120\" data-ds-component=\"DS-Text\" data-variant=\"overline\">MARCA: <\/span>Chevrolet<\/div>\n<\/div>\n<div class=\"ad__sc-2h9gkk-0 dLQbjb olx-container olx-container--outlined olx-d-flex\" data-ds-component=\"DS-Container\">\n<div class=\"ad__sc-2h9gkk-2 kRjGLe\"><\/div>\n<div class=\"ad__sc-2h9gkk-1 jhmjmi\"><span class=\"olx-text olx-text--overline olx-text--block olx-mb-0-5 olx-color-neutral-120\" data-ds-component=\"DS-Text\" data-variant=\"overline\">TIPO DE VE\u00cdCULO: <\/span><span class=\"ad__sc-hj0yqs-0 ekhFnR\">Pick-up<\/span><\/p>\n<div class=\"erd_scroll_detection_container erd_scroll_detection_container_animation_active\">\n<div class=\"erd_scroll_detection_container\" dir=\"ltr\">\n<div class=\"erd_scroll_detection_container\">\n<div>\n<div><\/div>\n<\/div>\n<div>\n<div><\/div>\n<\/div>\n<\/div>\n<\/div>\n<\/div>\n<\/div>\n<\/div>\n<div class=\"ad__sc-2h9gkk-0 dLQbjb olx-container olx-container--outlined olx-d-flex\" data-ds-component=\"DS-Container\">\n<div class=\"ad__sc-2h9gkk-2 kRjGLe\"><\/div>\n<div class=\"ad__sc-2h9gkk-1 jhmjmi\"><span class=\"olx-text olx-text--overline olx-text--block olx-mb-0-5 olx-color-neutral-120\" data-ds-component=\"DS-Text\" data-variant=\"overline\">ANO: 1995<\/span><\/div>\n<\/div>\n<div class=\"ad__sc-2h9gkk-0 dLQbjb olx-container olx-container--outlined olx-d-flex\" data-ds-component=\"DS-Container\">\n<div class=\"ad__sc-2h9gkk-2 kRjGLe\"><\/div>\n<div class=\"ad__sc-2h9gkk-1 jhmjmi\"><span class=\"olx-text olx-text--overline olx-text--block olx-mb-0-5 olx-color-neutral-120\" data-ds-component=\"DS-Text\" data-variant=\"overline\">QUILOMETRAGEM: <\/span><span class=\"ad__sc-hj0yqs-0 ekhFnR\">100000<\/span><\/p>\n<div class=\"erd_scroll_detection_container erd_scroll_detection_container_animation_active\">\n<div class=\"erd_scroll_detection_container\" dir=\"ltr\">\n<div class=\"erd_scroll_detection_container\">\n<div>\n<div><\/div>\n<\/div>\n<div>\n<div><\/div>\n<\/div>\n<\/div>\n<\/div>\n<\/div>\n<\/div>\n<\/div>\n<div class=\"ad__sc-2h9gkk-0 dLQbjb olx-container olx-container--outlined olx-d-flex\" data-ds-component=\"DS-Container\">\n<div class=\"ad__sc-2h9gkk-2 kRjGLe\"><\/div>\n<div class=\"ad__sc-2h9gkk-1 jhmjmi\"><span class=\"olx-text olx-text--overline olx-text--block olx-mb-0-5 olx-color-neutral-120\" data-ds-component=\"DS-Text\" data-variant=\"overline\">POT\u00caNCIA DO MOTOR: <\/span><span class=\"ad__sc-hj0yqs-0 ekhFnR\">2.0 &#8211; 2.9<\/span><\/p>\n<div class=\"erd_scroll_detection_container erd_scroll_detection_container_animation_active\">\n<div class=\"erd_scroll_detection_container\" dir=\"ltr\">\n<div class=\"erd_scroll_detection_container\">\n<div>\n<div><\/div>\n<\/div>\n<\/div>\n<\/div>\n<\/div>\n<\/div>\n<\/div>\n<div class=\"ad__sc-2h9gkk-0 dLQbjb olx-container olx-container--outlined olx-d-flex\" data-ds-component=\"DS-Container\">\n<div class=\"ad__sc-2h9gkk-2 kRjGLe\"><\/div>\n<div class=\"ad__sc-2h9gkk-1 jhmjmi\"><span class=\"olx-text olx-text--overline olx-text--block olx-mb-0-5 olx-color-neutral-120\" data-ds-component=\"DS-Text\" data-variant=\"overline\">COMBUST\u00cdVEL: Gasolina<\/span><\/div>\n<\/div>\n<div class=\"ad__sc-2h9gkk-0 dLQbjb olx-container olx-container--outlined olx-d-flex\" data-ds-component=\"DS-Container\">\n<div class=\"ad__sc-2h9gkk-2 kRjGLe\"><\/div>\n<div class=\"ad__sc-2h9gkk-1 jhmjmi\"><span class=\"olx-text olx-text--overline olx-text--block olx-mb-0-5 olx-color-neutral-120\" data-ds-component=\"DS-Text\" data-variant=\"overline\">C\u00c2MBIO: <\/span><span class=\"ad__sc-hj0yqs-0 ekhFnR\">Manual<\/span><\/p>\n<div class=\"erd_scroll_detection_container erd_scroll_detection_container_animation_active\">\n<div class=\"erd_scroll_detection_container\" dir=\"ltr\">\n<div class=\"erd_scroll_detection_container\">\n<div>\n<div><\/div>\n<\/div>\n<div>\n<div><\/div>\n<\/div>\n<\/div>\n<\/div>\n<\/div>\n<\/div>\n<\/div>\n<div class=\"ad__sc-2h9gkk-0 dLQbjb olx-container olx-container--outlined olx-d-flex\" data-ds-component=\"DS-Container\">\n<div class=\"ad__sc-2h9gkk-2 kRjGLe\"><\/div>\n<div class=\"ad__sc-2h9gkk-1 jhmjmi\"><span class=\"olx-text olx-text--overline olx-text--block olx-mb-0-5 olx-color-neutral-120\" data-ds-component=\"DS-Text\" data-variant=\"overline\">DIRE\u00c7\u00c3O: <\/span><span class=\"ad__sc-hj0yqs-0 ekhFnR\">Hidr\u00e1ulica<\/span><\/p>\n<div class=\"erd_scroll_detection_container erd_scroll_detection_container_animation_active\">\n<div class=\"erd_scroll_detection_container\" dir=\"ltr\">\n<div class=\"erd_scroll_detection_container\">\n<div>\n<div><\/div>\n<\/div>\n<div>\n<div><\/div>\n<\/div>\n<\/div>\n<\/div>\n<\/div>\n<\/div>\n<\/div>\n<div class=\"ad__sc-2h9gkk-0 dLQbjb olx-container olx-container--outlined olx-d-flex\" data-ds-component=\"DS-Container\">\n<div class=\"ad__sc-2h9gkk-2 kRjGLe\"><\/div>\n<div class=\"ad__sc-2h9gkk-1 jhmjmi\"><span class=\"olx-text olx-text--overline olx-text--block olx-mb-0-5 olx-color-neutral-120\" data-ds-component=\"DS-Text\" data-variant=\"overline\">COR: <\/span><span class=\"ad__sc-hj0yqs-0 ekhFnR\">Vermelho<\/span><\/p>\n<div class=\"erd_scroll_detection_container erd_scroll_detection_container_animation_active\">\n<div class=\"erd_scroll_detection_container\" dir=\"ltr\">\n<div class=\"erd_scroll_detection_container\">\n<div>\n<div><\/div>\n<\/div>\n<div>\n<div><\/div>\n<\/div>\n<\/div>\n<\/div>\n<\/div>\n<\/div>\n<\/div>\n<div class=\"ad__sc-2h9gkk-0 dLQbjb olx-container olx-container--outlined olx-d-flex\" data-ds-component=\"DS-Container\">\n<div class=\"ad__sc-2h9gkk-2 kRjGLe\"><\/div>\n<div class=\"ad__sc-2h9gkk-1 jhmjmi\"><span class=\"olx-text olx-text--overline olx-text--block olx-mb-0-5 olx-color-neutral-120\" data-ds-component=\"DS-Text\" data-variant=\"overline\">PORTAS: <\/span><span class=\"ad__sc-hj0yqs-0 ekhFnR\">2 Portas<\/span><\/p>\n<div class=\"erd_scroll_detection_container erd_scroll_detection_container_animation_active\">\n<div class=\"erd_scroll_detection_container\" dir=\"ltr\">\n<div class=\"erd_scroll_detection_container\">\n<div>\n<div><\/div>\n<\/div>\n<div>\n<div><\/div>\n<\/div>\n<\/div>\n<\/div>\n<\/div>\n<\/div>\n<\/div>\n<div class=\"ad__sc-2h9gkk-0 dLQbjb olx-container olx-container--outlined olx-d-flex\" data-ds-component=\"DS-Container\">\n<div class=\"ad__sc-2h9gkk-2 kRjGLe\"><\/div>\n<div class=\"ad__sc-2h9gkk-1 jhmjmi\"><span class=\"olx-text olx-text--overline olx-text--block olx-mb-0-5 olx-color-neutral-120\" data-ds-component=\"DS-Text\" data-variant=\"overline\">POSSUI KIT GNV: <\/span><span class=\"ad__sc-hj0yqs-0 ekhFnR\">N\u00e3o<\/span><\/div>\n<\/div>\n<div><\/div>\n<div>\n<div class=\"ad__sc-1jr3zuf-2 bDLdHD\"><\/div>\n<\/div>\n","protected":false},"featured_media":1528,"comment_status":"closed","ping_status":"closed","template":"","meta":{"_acf_changed":false},"product_brand":[],"product_cat":[149],"product_tag":[],"class_list":{"0":"post-1524","1":"product","2":"type-product","3":"status-publish","4":"has-post-thumbnail","6":"product_cat-caminhonete","8":"first","9":"instock","10":"shipping-taxable","11":"product-type-external"},"acf":[],"_links":{"self":[{"href":"https:\/\/soloweb.com.br\/demos\/automoveis\/wp-json\/wp\/v2\/product\/1524","targetHints":{"allow":["GET"]}}],"collection":[{"href":"https:\/\/soloweb.com.br\/demos\/automoveis\/wp-json\/wp\/v2\/product"}],"about":[{"href":"https:\/\/soloweb.com.br\/demos\/automoveis\/wp-json\/wp\/v2\/types\/product"}],"replies":[{"embeddable":true,"href":"https:\/\/soloweb.com.br\/demos\/automoveis\/wp-json\/wp\/v2\/comments?post=1524"}],"wp:featuredmedia":[{"embeddable":true,"href":"https:\/\/soloweb.com.br\/demos\/automoveis\/wp-json\/wp\/v2\/media\/1528"}],"wp:attachment":[{"href":"https:\/\/soloweb.com.br\/demos\/automoveis\/wp-json\/wp\/v2\/media?parent=1524"}],"wp:term":[{"taxonomy":"product_brand","embeddable":true,"href":"https:\/\/soloweb.com.br\/demos\/automoveis\/wp-json\/wp\/v2\/product_brand?post=1524"},{"taxonomy":"product_cat","embeddable":true,"href":"https:\/\/soloweb.com.br\/demos\/automoveis\/wp-json\/wp\/v2\/product_cat?post=1524"},{"taxonomy":"product_tag","embeddable":true,"href":"https:\/\/soloweb.com.br\/demos\/automoveis\/wp-json\/wp\/v2\/product_tag?post=1524"}],"curies":[{"name":"wp","href":"https:\/\/api.w.org\/{rel}","templated":true}]}}