{"id":1534,"date":"2025-11-13T19:30:25","date_gmt":"2025-11-13T19:30:25","guid":{"rendered":"https:\/\/soloweb.com.br\/demos\/automoveis\/?post_type=product&#038;p=1534"},"modified":"2025-11-13T19:31:59","modified_gmt":"2025-11-13T19:31:59","slug":"renault-fluence-sed-dynamique-2-0-16v-flex-aut-2014","status":"publish","type":"product","link":"https:\/\/soloweb.com.br\/demos\/automoveis\/produto\/renault-fluence-sed-dynamique-2-0-16v-flex-aut-2014\/","title":{"rendered":"Renault Fluence Sed. Dynamique 2.0 16V Flex Aut. 2014"},"content":{"rendered":"<p>Pre\u00e7o e condi\u00e7\u00e3o negoci\u00e1veis. Aceito carro em troca no valor de 20mil. 179mil km rodados. IPVA 2023 pago. Verificar o Ar condicionado (pois o carro passou bastante tempo parado). Motor do carro precisa fazer a troca no documento pois foi trocada a parte de baixo, ( tenho a nota). PMJ5230 Motor 2.0 Sedan 04 portas.<\/p>\n<p>&nbsp;<\/p>\n<p><span class=\"olx-text olx-text--title-small olx-text--block\" data-ds-component=\"DS-Text\">Opcionais deste ve\u00edculo<\/span><\/p>\n<div class=\"ad__sc-1rllau8-1 drVbTx\">\n<div class=\"ad__sc-1rllau8-2 hzFyyN\"><span class=\"olx-text olx-text--body-medium olx-text--block olx-text--regular\" data-ds-component=\"DS-Text\">Air bag<\/span><\/div>\n<div class=\"ad__sc-1rllau8-2 hzFyyN\"><span class=\"olx-text olx-text--body-medium olx-text--block olx-text--regular\" data-ds-component=\"DS-Text\">Ar condicionado<\/span><\/div>\n<div class=\"ad__sc-1rllau8-2 hzFyyN\"><span class=\"olx-text olx-text--body-medium olx-text--block olx-text--regular\" data-ds-component=\"DS-Text\">Alarme<\/span><\/div>\n<div class=\"ad__sc-1rllau8-2 hzFyyN\"><span class=\"olx-text olx-text--body-medium olx-text--block olx-text--regular\" data-ds-component=\"DS-Text\">Computador de bordo<\/span><\/div>\n<div class=\"ad__sc-1rllau8-2 hzFyyN\"><span class=\"olx-text olx-text--body-medium olx-text--block olx-text--regular\" data-ds-component=\"DS-Text\">Conex\u00e3o USB<\/span><\/div>\n<div class=\"ad__sc-1rllau8-2 hzFyyN\"><span class=\"olx-text olx-text--body-medium olx-text--block olx-text--regular\" data-ds-component=\"DS-Text\">Controle autom\u00e1tico de velocidade<\/span><\/div>\n<div class=\"ad__sc-1rllau8-2 hzFyyN\"><span class=\"olx-text olx-text--body-medium olx-text--block olx-text--regular\" data-ds-component=\"DS-Text\">Interface bluetooth<\/span><\/div>\n<div class=\"ad__sc-1rllau8-2 hzFyyN\"><span class=\"olx-text olx-text--body-medium olx-text--block olx-text--regular\" data-ds-component=\"DS-Text\">Rodas de liga leve<\/span><\/div>\n<div class=\"ad__sc-1rllau8-2 hzFyyN\"><span class=\"olx-text olx-text--body-medium olx-text--block olx-text--regular\" data-ds-component=\"DS-Text\">Som<\/span><\/div>\n<div class=\"ad__sc-1rllau8-2 hzFyyN\"><span class=\"olx-text olx-text--body-medium olx-text--block olx-text--regular\" data-ds-component=\"DS-Text\">Teto solar<\/span><\/div>\n<div class=\"ad__sc-1rllau8-2 hzFyyN\"><span class=\"olx-text olx-text--body-medium olx-text--block olx-text--regular\" data-ds-component=\"DS-Text\">Trava el\u00e9trica<\/span><\/div>\n<div class=\"ad__sc-1rllau8-2 hzFyyN\"><span class=\"olx-text olx-text--body-medium olx-text--block olx-text--regular\" data-ds-component=\"DS-Text\">Vidro el\u00e9trico<\/span><\/div>\n<div class=\"ad__sc-1rllau8-2 hzFyyN\"><span class=\"olx-text olx-text--body-medium olx-text--block olx-text--regular\" data-ds-component=\"DS-Text\">Volante multifuncional<\/span><\/div>\n<\/div>\n","protected":false},"excerpt":{"rendered":"<div class=\"ad__sc-2h9gkk-0 dLQbjb olx-container olx-container--outlined olx-d-flex\" data-ds-component=\"DS-Container\">\n<div class=\"ad__sc-2h9gkk-1 jhmjmi\"><span class=\"olx-text olx-text--overline olx-text--block olx-mb-0-5 olx-color-neutral-120\" data-ds-component=\"DS-Text\" data-variant=\"overline\">MARCA: <\/span>Renault<\/div>\n<\/div>\n<div class=\"ad__sc-2h9gkk-0 dLQbjb olx-container olx-container--outlined olx-d-flex\" data-ds-component=\"DS-Container\">\n<div class=\"ad__sc-2h9gkk-2 kRjGLe\"><\/div>\n<div class=\"ad__sc-2h9gkk-1 jhmjmi\">\n<p><span class=\"olx-text olx-text--overline olx-text--block olx-mb-0-5 olx-color-neutral-120\" data-ds-component=\"DS-Text\" data-variant=\"overline\">TIPO DE VE\u00cdCULO: <\/span><span class=\"ad__sc-hj0yqs-0 ekhFnR\">Sed\u00e3<\/span><\/p>\n<div class=\"erd_scroll_detection_container erd_scroll_detection_container_animation_active\">\n<div class=\"erd_scroll_detection_container\" dir=\"ltr\">\n<div class=\"erd_scroll_detection_container\">\n<div>\n<div><\/div>\n<\/div>\n<div>\n<div><\/div>\n<\/div>\n<\/div>\n<\/div>\n<\/div>\n<\/div>\n<\/div>\n<div class=\"ad__sc-2h9gkk-0 dLQbjb olx-container olx-container--outlined olx-d-flex\" data-ds-component=\"DS-Container\">\n<div class=\"ad__sc-2h9gkk-2 kRjGLe\"><\/div>\n<div class=\"ad__sc-2h9gkk-1 jhmjmi\"><span class=\"olx-text olx-text--overline olx-text--block olx-mb-0-5 olx-color-neutral-120\" data-ds-component=\"DS-Text\" data-variant=\"overline\">ANO: <\/span>2014<\/div>\n<\/div>\n<div class=\"ad__sc-2h9gkk-0 dLQbjb olx-container olx-container--outlined olx-d-flex\" data-ds-component=\"DS-Container\">\n<div class=\"ad__sc-2h9gkk-2 kRjGLe\"><\/div>\n<div class=\"ad__sc-2h9gkk-1 jhmjmi\">\n<p><span class=\"olx-text olx-text--overline olx-text--block olx-mb-0-5 olx-color-neutral-120\" data-ds-component=\"DS-Text\" data-variant=\"overline\">QUILOMETRAGEM: <\/span><span class=\"ad__sc-hj0yqs-0 ekhFnR\">172000<\/span><\/p>\n<div class=\"erd_scroll_detection_container erd_scroll_detection_container_animation_active\">\n<div class=\"erd_scroll_detection_container\" dir=\"ltr\">\n<div class=\"erd_scroll_detection_container\">\n<div>\n<div><\/div>\n<\/div>\n<div>\n<div><\/div>\n<\/div>\n<\/div>\n<\/div>\n<\/div>\n<\/div>\n<\/div>\n<div class=\"ad__sc-2h9gkk-0 dLQbjb olx-container olx-container--outlined olx-d-flex\" data-ds-component=\"DS-Container\">\n<div class=\"ad__sc-2h9gkk-2 kRjGLe\"><\/div>\n<div class=\"ad__sc-2h9gkk-1 jhmjmi\">\n<p><span class=\"olx-text olx-text--overline olx-text--block olx-mb-0-5 olx-color-neutral-120\" data-ds-component=\"DS-Text\" data-variant=\"overline\">POT\u00caNCIA DO MOTOR: <\/span><span class=\"ad__sc-hj0yqs-0 ekhFnR\">2.0 &#8211; 2.9<\/span><\/p>\n<div class=\"erd_scroll_detection_container erd_scroll_detection_container_animation_active\">\n<div class=\"erd_scroll_detection_container\" dir=\"ltr\">\n<div class=\"erd_scroll_detection_container\">\n<div>\n<div><\/div>\n<\/div>\n<div>\n<div><\/div>\n<\/div>\n<\/div>\n<\/div>\n<\/div>\n<\/div>\n<\/div>\n<div class=\"ad__sc-2h9gkk-0 dLQbjb olx-container olx-container--outlined olx-d-flex\" data-ds-component=\"DS-Container\">\n<div class=\"ad__sc-2h9gkk-2 kRjGLe\"><\/div>\n<div class=\"ad__sc-2h9gkk-1 jhmjmi\"><span class=\"olx-text olx-text--overline olx-text--block olx-mb-0-5 olx-color-neutral-120\" data-ds-component=\"DS-Text\" data-variant=\"overline\">COMBUST\u00cdVEL: <\/span>Flex<\/div>\n<\/div>\n<div class=\"ad__sc-2h9gkk-0 dLQbjb olx-container olx-container--outlined olx-d-flex\" data-ds-component=\"DS-Container\">\n<div class=\"ad__sc-2h9gkk-2 kRjGLe\"><\/div>\n<div class=\"ad__sc-2h9gkk-1 jhmjmi\">\n<p><span class=\"olx-text olx-text--overline olx-text--block olx-mb-0-5 olx-color-neutral-120\" data-ds-component=\"DS-Text\" data-variant=\"overline\">C\u00c2MBIO: <\/span><span class=\"ad__sc-hj0yqs-0 ekhFnR\">Autom\u00e1tico<\/span><\/p>\n<div class=\"erd_scroll_detection_container erd_scroll_detection_container_animation_active\">\n<div class=\"erd_scroll_detection_container\" dir=\"ltr\">\n<div class=\"erd_scroll_detection_container\">\n<div>\n<div><\/div>\n<\/div>\n<div>\n<div><\/div>\n<\/div>\n<\/div>\n<\/div>\n<\/div>\n<\/div>\n<\/div>\n<div class=\"ad__sc-2h9gkk-0 dLQbjb olx-container olx-container--outlined olx-d-flex\" data-ds-component=\"DS-Container\">\n<div class=\"ad__sc-2h9gkk-2 kRjGLe\"><\/div>\n<div class=\"ad__sc-2h9gkk-1 jhmjmi\">\n<p><span class=\"olx-text olx-text--overline olx-text--block olx-mb-0-5 olx-color-neutral-120\" data-ds-component=\"DS-Text\" data-variant=\"overline\">DIRE\u00c7\u00c3O: <\/span><span class=\"ad__sc-hj0yqs-0 ekhFnR\">El\u00e9trica<\/span><\/p>\n<div class=\"erd_scroll_detection_container erd_scroll_detection_container_animation_active\">\n<div class=\"erd_scroll_detection_container\" dir=\"ltr\">\n<div class=\"erd_scroll_detection_container\">\n<div>\n<div><\/div>\n<\/div>\n<div>\n<div><\/div>\n<\/div>\n<\/div>\n<\/div>\n<\/div>\n<\/div>\n<\/div>\n<div class=\"ad__sc-2h9gkk-0 dLQbjb olx-container olx-container--outlined olx-d-flex\" data-ds-component=\"DS-Container\">\n<div class=\"ad__sc-2h9gkk-2 kRjGLe\"><\/div>\n<div class=\"ad__sc-2h9gkk-1 jhmjmi\">\n<p><span class=\"olx-text olx-text--overline olx-text--block olx-mb-0-5 olx-color-neutral-120\" data-ds-component=\"DS-Text\" data-variant=\"overline\">COR: <\/span><span class=\"ad__sc-hj0yqs-0 ekhFnR\">Prata<\/span><\/p>\n<div class=\"erd_scroll_detection_container erd_scroll_detection_container_animation_active\">\n<div class=\"erd_scroll_detection_container\" dir=\"ltr\">\n<div class=\"erd_scroll_detection_container\">\n<div>\n<div><\/div>\n<\/div>\n<div>\n<div><\/div>\n<\/div>\n<\/div>\n<\/div>\n<\/div>\n<\/div>\n<\/div>\n<div class=\"ad__sc-2h9gkk-0 dLQbjb olx-container olx-container--outlined olx-d-flex\" data-ds-component=\"DS-Container\">\n<div class=\"ad__sc-2h9gkk-2 kRjGLe\"><\/div>\n<div class=\"ad__sc-2h9gkk-1 jhmjmi\">\n<p><span class=\"olx-text olx-text--overline olx-text--block olx-mb-0-5 olx-color-neutral-120\" data-ds-component=\"DS-Text\" data-variant=\"overline\">PORTAS: <\/span><span class=\"ad__sc-hj0yqs-0 ekhFnR\">4 Portas<\/span><\/p>\n<div class=\"erd_scroll_detection_container erd_scroll_detection_container_animation_active\">\n<div class=\"erd_scroll_detection_container\" dir=\"ltr\">\n<div class=\"erd_scroll_detection_container\">\n<div>\n<div><\/div>\n<\/div>\n<div>\n<div><\/div>\n<\/div>\n<\/div>\n<\/div>\n<\/div>\n<\/div>\n<\/div>\n<div class=\"ad__sc-2h9gkk-0 dLQbjb olx-container olx-container--outlined olx-d-flex\" data-ds-component=\"DS-Container\">\n<div class=\"ad__sc-2h9gkk-2 kRjGLe\"><\/div>\n<div class=\"ad__sc-2h9gkk-1 jhmjmi\">\n<p><span class=\"olx-text olx-text--overline olx-text--block olx-mb-0-5 olx-color-neutral-120\" data-ds-component=\"DS-Text\" data-variant=\"overline\">FINAL DE PLACA: <\/span><span class=\"ad__sc-hj0yqs-0 ekhFnR\">0<\/span><\/p>\n<div class=\"erd_scroll_detection_container erd_scroll_detection_container_animation_active\">\n<div class=\"erd_scroll_detection_container\" dir=\"ltr\">\n<div class=\"erd_scroll_detection_container\">\n<div>\n<div><\/div>\n<\/div>\n<div>\n<div><\/div>\n<\/div>\n<\/div>\n<\/div>\n<\/div>\n<\/div>\n<\/div>\n<div class=\"ad__sc-2h9gkk-0 dLQbjb olx-container olx-container--outlined olx-d-flex\" data-ds-component=\"DS-Container\">\n<div class=\"ad__sc-2h9gkk-2 kRjGLe\"><\/div>\n<div class=\"ad__sc-2h9gkk-1 jhmjmi\"><span class=\"olx-text olx-text--overline olx-text--block olx-mb-0-5 olx-color-neutral-120\" data-ds-component=\"DS-Text\" data-variant=\"overline\">POSSUI KIT GNV: <\/span><span class=\"ad__sc-hj0yqs-0 ekhFnR\">N\u00e3o<\/span><\/div>\n<\/div>\n","protected":false},"featured_media":1538,"comment_status":"closed","ping_status":"closed","template":"","meta":{"_acf_changed":false},"product_brand":[],"product_cat":[147],"product_tag":[],"class_list":{"0":"post-1534","1":"product","2":"type-product","3":"status-publish","4":"has-post-thumbnail","6":"product_cat-sedan","8":"first","9":"instock","10":"shipping-taxable","11":"product-type-external"},"acf":[],"_links":{"self":[{"href":"https:\/\/soloweb.com.br\/demos\/automoveis\/wp-json\/wp\/v2\/product\/1534","targetHints":{"allow":["GET"]}}],"collection":[{"href":"https:\/\/soloweb.com.br\/demos\/automoveis\/wp-json\/wp\/v2\/product"}],"about":[{"href":"https:\/\/soloweb.com.br\/demos\/automoveis\/wp-json\/wp\/v2\/types\/product"}],"replies":[{"embeddable":true,"href":"https:\/\/soloweb.com.br\/demos\/automoveis\/wp-json\/wp\/v2\/comments?post=1534"}],"wp:featuredmedia":[{"embeddable":true,"href":"https:\/\/soloweb.com.br\/demos\/automoveis\/wp-json\/wp\/v2\/media\/1538"}],"wp:attachment":[{"href":"https:\/\/soloweb.com.br\/demos\/automoveis\/wp-json\/wp\/v2\/media?parent=1534"}],"wp:term":[{"taxonomy":"product_brand","embeddable":true,"href":"https:\/\/soloweb.com.br\/demos\/automoveis\/wp-json\/wp\/v2\/product_brand?post=1534"},{"taxonomy":"product_cat","embeddable":true,"href":"https:\/\/soloweb.com.br\/demos\/automoveis\/wp-json\/wp\/v2\/product_cat?post=1534"},{"taxonomy":"product_tag","embeddable":true,"href":"https:\/\/soloweb.com.br\/demos\/automoveis\/wp-json\/wp\/v2\/product_tag?post=1534"}],"curies":[{"name":"wp","href":"https:\/\/api.w.org\/{rel}","templated":true}]}}