{"id":1548,"date":"2025-11-13T20:10:26","date_gmt":"2025-11-13T20:10:26","guid":{"rendered":"https:\/\/soloweb.com.br\/demos\/automoveis\/?post_type=product&#038;p=1548"},"modified":"2025-11-13T20:10:26","modified_gmt":"2025-11-13T20:10:26","slug":"nissan-kicks-active-s-1-6-16v-flex-aut-2022","status":"publish","type":"product","link":"https:\/\/soloweb.com.br\/demos\/automoveis\/produto\/nissan-kicks-active-s-1-6-16v-flex-aut-2022\/","title":{"rendered":"Nissan Kicks Active S 1.6 16V Flex Aut. 2022"},"content":{"rendered":"<p>Vendo Nissan Kicks, 57.000 km. O carro possui ar condicionado, vidros e travas el\u00e9tricas, sistema de som, conex\u00e3o USB e c\u00e2mera de r\u00e9 para manobras mais seguras, bancada de couro, farol de neblina em led.<\/p>\n<p>&nbsp;<\/p>\n<p><span class=\"olx-text olx-text--body-large olx-text--block olx-text--semibold\" data-ds-component=\"DS-Text\">Opcionais deste ve\u00edculo<\/span><\/p>\n<div class=\"ad__sc-1jr3zuf-1 eFSBlH\">\n<div class=\"ad__sc-1jr3zuf-2 bDLdHD\"><span class=\"olx-badge olx-badge--info olx-badge--medium olx-badge--rectangle\" data-ds-component=\"DS-Badge\"><span class=\"olx-text olx-text--body-small olx-text--block olx-text--semibold\" data-ds-component=\"DS-Text\">Air bag<\/span><\/span><\/div>\n<div class=\"ad__sc-1jr3zuf-2 bDLdHD\"><span class=\"olx-badge olx-badge--info olx-badge--medium olx-badge--rectangle\" data-ds-component=\"DS-Badge\"><span class=\"olx-text olx-text--body-small olx-text--block olx-text--semibold\" data-ds-component=\"DS-Text\">Ar condicionado<\/span><\/span><\/div>\n<div class=\"ad__sc-1jr3zuf-2 bDLdHD\"><span class=\"olx-badge olx-badge--info olx-badge--medium olx-badge--rectangle\" data-ds-component=\"DS-Badge\"><span class=\"olx-text olx-text--body-small olx-text--block olx-text--semibold\" data-ds-component=\"DS-Text\">Alarme<\/span><\/span><\/div>\n<div class=\"ad__sc-1jr3zuf-2 bDLdHD\"><span class=\"olx-badge olx-badge--info olx-badge--medium olx-badge--rectangle\" data-ds-component=\"DS-Badge\"><span class=\"olx-text olx-text--body-small olx-text--block olx-text--semibold\" data-ds-component=\"DS-Text\">Computador de bordo<\/span><\/span><\/div>\n<div class=\"ad__sc-1jr3zuf-2 bDLdHD\"><span class=\"olx-badge olx-badge--info olx-badge--medium olx-badge--rectangle\" data-ds-component=\"DS-Badge\"><span class=\"olx-text olx-text--body-small olx-text--block olx-text--semibold\" data-ds-component=\"DS-Text\">Controle autom\u00e1tico de velocidade<\/span><\/span><\/div>\n<div class=\"ad__sc-1jr3zuf-2 bDLdHD\"><span class=\"olx-badge olx-badge--info olx-badge--medium olx-badge--rectangle\" data-ds-component=\"DS-Badge\"><span class=\"olx-text olx-text--body-small olx-text--block olx-text--semibold\" data-ds-component=\"DS-Text\">Trava el\u00e9trica<\/span><\/span><\/div>\n<div class=\"ad__sc-1jr3zuf-2 bDLdHD\"><span class=\"olx-badge olx-badge--info olx-badge--medium olx-badge--rectangle\" data-ds-component=\"DS-Badge\"><span class=\"olx-text olx-text--body-small olx-text--block olx-text--semibold\" data-ds-component=\"DS-Text\">Vidro el\u00e9trico<\/span><\/span><\/div>\n<div class=\"ad__sc-1jr3zuf-2 bDLdHD\"><span class=\"olx-badge olx-badge--info olx-badge--medium olx-badge--rectangle\" data-ds-component=\"DS-Badge\"><span class=\"olx-text olx-text--body-small olx-text--block olx-text--semibold\" data-ds-component=\"DS-Text\">Volante multifuncional<\/span><\/span><\/div>\n<\/div>\n","protected":false},"excerpt":{"rendered":"<div class=\"ad__sc-2h9gkk-0 dLQbjb olx-container olx-container--outlined olx-d-flex\" data-ds-component=\"DS-Container\">\n<div class=\"ad__sc-2h9gkk-1 jhmjmi\"><span class=\"olx-text olx-text--overline olx-text--block olx-mb-0-5 olx-color-neutral-120\" data-ds-component=\"DS-Text\" data-variant=\"overline\">MARCA: <\/span>Nissan<\/div>\n<\/div>\n<div class=\"ad__sc-2h9gkk-0 dLQbjb olx-container olx-container--outlined olx-d-flex\" data-ds-component=\"DS-Container\">\n<div class=\"ad__sc-2h9gkk-2 kRjGLe\"><\/div>\n<div class=\"ad__sc-2h9gkk-1 jhmjmi\"><span class=\"olx-text olx-text--overline olx-text--block olx-mb-0-5 olx-color-neutral-120\" data-ds-component=\"DS-Text\" data-variant=\"overline\">TIPO DE VE\u00cdCULO: <\/span><span class=\"ad__sc-hj0yqs-0 ekhFnR\">SUV<\/span><\/p>\n<div class=\"erd_scroll_detection_container erd_scroll_detection_container_animation_active\">\n<div class=\"erd_scroll_detection_container\" dir=\"ltr\">\n<div class=\"erd_scroll_detection_container\">\n<div>\n<div><\/div>\n<\/div>\n<div>\n<div><\/div>\n<\/div>\n<\/div>\n<\/div>\n<\/div>\n<\/div>\n<\/div>\n<div class=\"ad__sc-2h9gkk-0 dLQbjb olx-container olx-container--outlined olx-d-flex\" data-ds-component=\"DS-Container\">\n<div class=\"ad__sc-2h9gkk-2 kRjGLe\"><\/div>\n<div class=\"ad__sc-2h9gkk-1 jhmjmi\"><span class=\"olx-text olx-text--overline olx-text--block olx-mb-0-5 olx-color-neutral-120\" data-ds-component=\"DS-Text\" data-variant=\"overline\">ANO<\/span>: 2022<\/div>\n<\/div>\n<div class=\"ad__sc-2h9gkk-0 dLQbjb olx-container olx-container--outlined olx-d-flex\" data-ds-component=\"DS-Container\">\n<div class=\"ad__sc-2h9gkk-2 kRjGLe\"><\/div>\n<div class=\"ad__sc-2h9gkk-1 jhmjmi\"><span class=\"olx-text olx-text--overline olx-text--block olx-mb-0-5 olx-color-neutral-120\" data-ds-component=\"DS-Text\" data-variant=\"overline\">QUILOMETRAGEM: <\/span><span class=\"ad__sc-hj0yqs-0 ekhFnR\">57000<\/span><\/p>\n<div class=\"erd_scroll_detection_container erd_scroll_detection_container_animation_active\">\n<div class=\"erd_scroll_detection_container\" dir=\"ltr\">\n<div class=\"erd_scroll_detection_container\">\n<div>\n<div><\/div>\n<\/div>\n<div>\n<div><\/div>\n<\/div>\n<\/div>\n<\/div>\n<\/div>\n<\/div>\n<\/div>\n<div class=\"ad__sc-2h9gkk-0 dLQbjb olx-container olx-container--outlined olx-d-flex\" data-ds-component=\"DS-Container\">\n<div class=\"ad__sc-2h9gkk-2 kRjGLe\"><\/div>\n<div class=\"ad__sc-2h9gkk-1 jhmjmi\"><span class=\"olx-text olx-text--overline olx-text--block olx-mb-0-5 olx-color-neutral-120\" data-ds-component=\"DS-Text\" data-variant=\"overline\">POT\u00caNCIA DO MOTOR: <\/span><span class=\"ad__sc-hj0yqs-0 ekhFnR\">1.6<\/span><\/p>\n<div class=\"erd_scroll_detection_container erd_scroll_detection_container_animation_active\">\n<div class=\"erd_scroll_detection_container\" dir=\"ltr\">\n<div class=\"erd_scroll_detection_container\">\n<div>\n<div><\/div>\n<\/div>\n<div>\n<div><\/div>\n<\/div>\n<\/div>\n<\/div>\n<\/div>\n<\/div>\n<\/div>\n<div class=\"ad__sc-2h9gkk-0 dLQbjb olx-container olx-container--outlined olx-d-flex\" data-ds-component=\"DS-Container\">\n<div class=\"ad__sc-2h9gkk-2 kRjGLe\"><\/div>\n<div class=\"ad__sc-2h9gkk-1 jhmjmi\"><span class=\"olx-text olx-text--overline olx-text--block olx-mb-0-5 olx-color-neutral-120\" data-ds-component=\"DS-Text\" data-variant=\"overline\">COMBUST\u00cdVEL: <\/span>Flex<\/div>\n<\/div>\n<div class=\"ad__sc-2h9gkk-0 dLQbjb olx-container olx-container--outlined olx-d-flex\" data-ds-component=\"DS-Container\">\n<div class=\"ad__sc-2h9gkk-2 kRjGLe\"><\/div>\n<div class=\"ad__sc-2h9gkk-1 jhmjmi\"><span class=\"olx-text olx-text--overline olx-text--block olx-mb-0-5 olx-color-neutral-120\" data-ds-component=\"DS-Text\" data-variant=\"overline\">C\u00c2MBIO: <\/span><span class=\"ad__sc-hj0yqs-0 ekhFnR\">Autom\u00e1tico<\/span><\/p>\n<div class=\"erd_scroll_detection_container erd_scroll_detection_container_animation_active\">\n<div class=\"erd_scroll_detection_container\" dir=\"ltr\">\n<div class=\"erd_scroll_detection_container\">\n<div>\n<div><\/div>\n<\/div>\n<div>\n<div><\/div>\n<\/div>\n<\/div>\n<\/div>\n<\/div>\n<\/div>\n<\/div>\n<div class=\"ad__sc-2h9gkk-0 dLQbjb olx-container olx-container--outlined olx-d-flex\" data-ds-component=\"DS-Container\">\n<div class=\"ad__sc-2h9gkk-2 kRjGLe\"><\/div>\n<div class=\"ad__sc-2h9gkk-1 jhmjmi\"><span class=\"olx-text olx-text--overline olx-text--block olx-mb-0-5 olx-color-neutral-120\" data-ds-component=\"DS-Text\" data-variant=\"overline\">DIRE\u00c7\u00c3O: <\/span><span class=\"ad__sc-hj0yqs-0 ekhFnR\">El\u00e9trica<\/span><\/p>\n<div class=\"erd_scroll_detection_container erd_scroll_detection_container_animation_active\">\n<div class=\"erd_scroll_detection_container\" dir=\"ltr\">\n<div class=\"erd_scroll_detection_container\">\n<div>\n<div><\/div>\n<\/div>\n<div>\n<div><\/div>\n<\/div>\n<\/div>\n<\/div>\n<\/div>\n<\/div>\n<\/div>\n<div class=\"ad__sc-2h9gkk-0 dLQbjb olx-container olx-container--outlined olx-d-flex\" data-ds-component=\"DS-Container\">\n<div class=\"ad__sc-2h9gkk-2 kRjGLe\"><\/div>\n<div class=\"ad__sc-2h9gkk-1 jhmjmi\"><span class=\"olx-text olx-text--overline olx-text--block olx-mb-0-5 olx-color-neutral-120\" data-ds-component=\"DS-Text\" data-variant=\"overline\">COR: <\/span><span class=\"ad__sc-hj0yqs-0 ekhFnR\">Cinza<\/span><\/p>\n<div class=\"erd_scroll_detection_container erd_scroll_detection_container_animation_active\">\n<div class=\"erd_scroll_detection_container\" dir=\"ltr\">\n<div class=\"erd_scroll_detection_container\">\n<div>\n<div><\/div>\n<\/div>\n<div>\n<div><\/div>\n<\/div>\n<\/div>\n<\/div>\n<\/div>\n<\/div>\n<\/div>\n<div class=\"ad__sc-2h9gkk-0 dLQbjb olx-container olx-container--outlined olx-d-flex\" data-ds-component=\"DS-Container\">\n<div class=\"ad__sc-2h9gkk-2 kRjGLe\"><\/div>\n<div class=\"ad__sc-2h9gkk-1 jhmjmi\"><span class=\"olx-text olx-text--overline olx-text--block olx-mb-0-5 olx-color-neutral-120\" data-ds-component=\"DS-Text\" data-variant=\"overline\">PORTAS: <\/span><span class=\"ad__sc-hj0yqs-0 ekhFnR\">4 Portas<\/span><\/p>\n<div class=\"erd_scroll_detection_container erd_scroll_detection_container_animation_active\">\n<div class=\"erd_scroll_detection_container\" dir=\"ltr\">\n<div class=\"erd_scroll_detection_container\">\n<div>\n<div><\/div>\n<\/div>\n<div>\n<div><\/div>\n<\/div>\n<\/div>\n<\/div>\n<\/div>\n<\/div>\n<\/div>\n<div class=\"ad__sc-2h9gkk-0 dLQbjb olx-container olx-container--outlined olx-d-flex\" data-ds-component=\"DS-Container\">\n<div class=\"ad__sc-2h9gkk-2 kRjGLe\"><\/div>\n<div class=\"ad__sc-2h9gkk-1 jhmjmi\"><span class=\"olx-text olx-text--overline olx-text--block olx-mb-0-5 olx-color-neutral-120\" data-ds-component=\"DS-Text\" data-variant=\"overline\">FINAL DE PLACA: <\/span><span class=\"ad__sc-hj0yqs-0 ekhFnR\">3<\/span><\/div>\n<\/div>\n","protected":false},"featured_media":1549,"comment_status":"closed","ping_status":"closed","template":"","meta":{"_acf_changed":false},"product_brand":[],"product_cat":[148],"product_tag":[],"class_list":{"0":"post-1548","1":"product","2":"type-product","3":"status-publish","4":"has-post-thumbnail","6":"product_cat-suv","8":"first","9":"instock","10":"shipping-taxable","11":"product-type-external"},"acf":[],"_links":{"self":[{"href":"https:\/\/soloweb.com.br\/demos\/automoveis\/wp-json\/wp\/v2\/product\/1548","targetHints":{"allow":["GET"]}}],"collection":[{"href":"https:\/\/soloweb.com.br\/demos\/automoveis\/wp-json\/wp\/v2\/product"}],"about":[{"href":"https:\/\/soloweb.com.br\/demos\/automoveis\/wp-json\/wp\/v2\/types\/product"}],"replies":[{"embeddable":true,"href":"https:\/\/soloweb.com.br\/demos\/automoveis\/wp-json\/wp\/v2\/comments?post=1548"}],"wp:featuredmedia":[{"embeddable":true,"href":"https:\/\/soloweb.com.br\/demos\/automoveis\/wp-json\/wp\/v2\/media\/1549"}],"wp:attachment":[{"href":"https:\/\/soloweb.com.br\/demos\/automoveis\/wp-json\/wp\/v2\/media?parent=1548"}],"wp:term":[{"taxonomy":"product_brand","embeddable":true,"href":"https:\/\/soloweb.com.br\/demos\/automoveis\/wp-json\/wp\/v2\/product_brand?post=1548"},{"taxonomy":"product_cat","embeddable":true,"href":"https:\/\/soloweb.com.br\/demos\/automoveis\/wp-json\/wp\/v2\/product_cat?post=1548"},{"taxonomy":"product_tag","embeddable":true,"href":"https:\/\/soloweb.com.br\/demos\/automoveis\/wp-json\/wp\/v2\/product_tag?post=1548"}],"curies":[{"name":"wp","href":"https:\/\/api.w.org\/{rel}","templated":true}]}}