{"id":1608,"date":"2026-01-19T14:31:24","date_gmt":"2026-01-19T17:31:24","guid":{"rendered":"https:\/\/soloweb.com.br\/demos\/automoveis\/?post_type=product&#038;p=1608"},"modified":"2026-01-19T14:31:24","modified_gmt":"2026-01-19T17:31:24","slug":"vendo-new-civic-2008-carro-de-familia","status":"publish","type":"product","link":"https:\/\/soloweb.com.br\/demos\/automoveis\/produto\/vendo-new-civic-2008-carro-de-familia\/","title":{"rendered":"Vendo new civic 2008, carro de fam\u00edlia."},"content":{"rendered":"<div id=\"description-title\" class=\"ad__sc-1l883pa-0 jBfUlv\" data-side-margin=\"false\">\n<div class=\"ad__sc-1l883pa-1 cZdqDK\">\n<div class=\"ad__sc-2mjlki-0 iAOKgI\" data-section=\"description\">\n<div class=\"flex flex-col items-start\"><span class=\"ad__sc-2mjlki-1 cDszjf\"><span class=\"typo-body-medium\">Carro bem conservado ,em meu nome ,emplacado ,manuten\u00e7\u00e3o em dia ,n\u00e3o troco apenas vendo,a vista em ponto de transfer\u00eancia.<\/span><\/span><\/div>\n<\/div>\n<\/div>\n<\/div>\n","protected":false},"excerpt":{"rendered":"<p>Carro bem conservado ,em meu nome ,emplacado ,manuten\u00e7\u00e3o em dia ,n\u00e3o troco apenas vendo,a vista em ponto de transfer\u00eancia.<\/p>\n","protected":false},"featured_media":1609,"comment_status":"closed","ping_status":"closed","template":"","meta":{"_acf_changed":false},"product_brand":[],"product_cat":[147],"product_tag":[],"class_list":{"0":"post-1608","1":"product","2":"type-product","3":"status-publish","4":"has-post-thumbnail","6":"product_cat-sedan","8":"first","9":"instock","10":"sale","11":"shipping-taxable","12":"purchasable","13":"product-type-simple"},"acf":[],"_links":{"self":[{"href":"https:\/\/soloweb.com.br\/demos\/automoveis\/wp-json\/wp\/v2\/product\/1608","targetHints":{"allow":["GET"]}}],"collection":[{"href":"https:\/\/soloweb.com.br\/demos\/automoveis\/wp-json\/wp\/v2\/product"}],"about":[{"href":"https:\/\/soloweb.com.br\/demos\/automoveis\/wp-json\/wp\/v2\/types\/product"}],"replies":[{"embeddable":true,"href":"https:\/\/soloweb.com.br\/demos\/automoveis\/wp-json\/wp\/v2\/comments?post=1608"}],"wp:featuredmedia":[{"embeddable":true,"href":"https:\/\/soloweb.com.br\/demos\/automoveis\/wp-json\/wp\/v2\/media\/1609"}],"wp:attachment":[{"href":"https:\/\/soloweb.com.br\/demos\/automoveis\/wp-json\/wp\/v2\/media?parent=1608"}],"wp:term":[{"taxonomy":"product_brand","embeddable":true,"href":"https:\/\/soloweb.com.br\/demos\/automoveis\/wp-json\/wp\/v2\/product_brand?post=1608"},{"taxonomy":"product_cat","embeddable":true,"href":"https:\/\/soloweb.com.br\/demos\/automoveis\/wp-json\/wp\/v2\/product_cat?post=1608"},{"taxonomy":"product_tag","embeddable":true,"href":"https:\/\/soloweb.com.br\/demos\/automoveis\/wp-json\/wp\/v2\/product_tag?post=1608"}],"curies":[{"name":"wp","href":"https:\/\/api.w.org\/{rel}","templated":true}]}}