{"id":257,"date":"2021-07-22T18:22:25","date_gmt":"2021-07-22T18:22:25","guid":{"rendered":"https:\/\/demo.athemes.com\/botiga\/?page_id=257"},"modified":"2026-02-20T15:21:24","modified_gmt":"2026-02-20T15:21:24","slug":"contact-us","status":"publish","type":"page","link":"https:\/\/soloweb.com.br\/demos\/imoveis\/contact-us\/","title":{"rendered":"Contate-nos"},"content":{"rendered":"\n<div style=\"height:30px\" aria-hidden=\"true\" class=\"wp-block-spacer\"><\/div>\n\n\n\n<div class=\"wp-block-columns is-layout-flex wp-container-core-columns-is-layout-28f84493 wp-block-columns-is-layout-flex\">\n<div class=\"wp-block-column is-layout-flow wp-block-column-is-layout-flow\" style=\"flex-basis:60%\">\n<h3 class=\"wp-block-heading\">Entre em contato conosco<\/h3>\n\n\n\n<div style=\"height:15px\" aria-hidden=\"true\" class=\"wp-block-spacer\"><\/div>\n\n\n<div class=\"wpforms-container wpforms-container-full wpforms-block wpforms-block-bb053c8b-6eae-412e-9521-250cf67a43e8\" id=\"wpforms-388\"><form id=\"wpforms-form-388\" class=\"wpforms-validate wpforms-form wpforms-ajax-form\" data-formid=\"388\" method=\"post\" enctype=\"multipart\/form-data\" action=\"\/demos\/imoveis\/wp-json\/wp\/v2\/pages\/257\" data-token=\"077ce2b9c0e88ca89d4201f57794dd7d\" data-token-time=\"1776599902\"><noscript class=\"wpforms-error-noscript\">Ative o JavaScript no seu navegador para preencher este formul\u00e1rio.<\/noscript><div class=\"wpforms-field-container\"><div id=\"wpforms-388-field_0-container\" class=\"wpforms-field wpforms-field-name wpforms-one-half wpforms-first\" data-field-id=\"0\"><label class=\"wpforms-field-label\" for=\"wpforms-388-field_0\">Nome <span class=\"wpforms-required-label\">*<\/span><\/label><input type=\"text\" id=\"wpforms-388-field_0\" class=\"wpforms-field-large wpforms-field-required\" name=\"wpforms[fields][0]\" required><\/div><div id=\"wpforms-388-field_1-container\" class=\"wpforms-field wpforms-field-email wpforms-one-half\" data-field-id=\"1\"><label class=\"wpforms-field-label\" for=\"wpforms-388-field_1\">E-mail <span class=\"wpforms-required-label\">*<\/span><\/label><input type=\"email\" id=\"wpforms-388-field_1\" class=\"wpforms-field-large wpforms-field-required\" name=\"wpforms[fields][1]\" spellcheck=\"false\" required><\/div><div id=\"wpforms-388-field_2-container\" class=\"wpforms-field wpforms-field-textarea\" data-field-id=\"2\"><label class=\"wpforms-field-label\" for=\"wpforms-388-field_2\">Mensagem <span class=\"wpforms-required-label\">*<\/span><\/label><textarea id=\"wpforms-388-field_2\" class=\"wpforms-field-large wpforms-field-required\" name=\"wpforms[fields][2]\" required><\/textarea><\/div><\/div><!-- .wpforms-field-container --><div class=\"wpforms-submit-container\" ><input type=\"hidden\" name=\"wpforms[id]\" value=\"388\"><input type=\"hidden\" name=\"page_title\" value=\"\"><input type=\"hidden\" name=\"page_url\" value=\"https:\/\/soloweb.com.br\/demos\/imoveis\/wp-json\/wp\/v2\/pages\/257\"><input type=\"hidden\" name=\"url_referer\" value=\"\"><button type=\"submit\" name=\"wpforms[submit]\" id=\"wpforms-submit-388\" class=\"wpforms-submit\" data-alt-text=\"Enviando....\" data-submit-text=\"Enviar Mensagem\" aria-live=\"assertive\" value=\"wpforms-submit\">Enviar Mensagem<\/button><img loading=\"lazy\" decoding=\"async\" src=\"https:\/\/soloweb.com.br\/demos\/imoveis\/wp-content\/plugins\/wpforms-lite\/assets\/images\/submit-spin.svg\" class=\"wpforms-submit-spinner\" style=\"display: none;\" width=\"26\" height=\"26\" alt=\"Carregando\"><\/div><\/form><\/div>  <!-- .wpforms-container --><\/div>\n\n\n\n<div class=\"wp-block-column is-layout-flow wp-block-column-is-layout-flow\" style=\"flex-basis:5%\"><\/div>\n\n\n\n<div class=\"wp-block-column is-layout-flow wp-block-column-is-layout-flow\" style=\"flex-basis:35%\">\n<h4 class=\"wp-block-heading\">SOLOWEB Neg\u00f3cios Imobili\u00e1rios<\/h4>\n\n\n\n<p>Compras e vendas de im\u00f3veis \u00e9 aqui. <\/p>\n\n\n\n<p>Endere\u00e7o: QN 320 loja 04 &#8211; Samambaia, Bras\u00edlia &#8211; DF,<br>CEP: 72310-011<br>Telefone: (61) 3550-4778<br><br>E-mail: contato@soloweb.com.br<br><\/p>\n\n\n\n<div style=\"height:1px\" aria-hidden=\"true\" class=\"wp-block-spacer\"><\/div>\n<\/div>\n<\/div>\n","protected":false},"excerpt":{"rendered":"<p>Entre em contato conosco SOLOWEB Neg\u00f3cios Imobili\u00e1rios Compras e vendas de im\u00f3veis \u00e9 aqui. Endere\u00e7o: QN 320 loja 04 &#8211; Samambaia, Bras\u00edlia &#8211; DF,CEP: 72310-011Telefone: (61) 3550-4778 E-mail: contato@soloweb.com.br<\/p>\n","protected":false},"author":1,"featured_media":0,"parent":0,"menu_order":0,"comment_status":"closed","ping_status":"closed","template":"","meta":{"footnotes":""},"class_list":["post-257","page","type-page","status-publish","hentry"],"_links":{"self":[{"href":"https:\/\/soloweb.com.br\/demos\/imoveis\/wp-json\/wp\/v2\/pages\/257","targetHints":{"allow":["GET"]}}],"collection":[{"href":"https:\/\/soloweb.com.br\/demos\/imoveis\/wp-json\/wp\/v2\/pages"}],"about":[{"href":"https:\/\/soloweb.com.br\/demos\/imoveis\/wp-json\/wp\/v2\/types\/page"}],"author":[{"embeddable":true,"href":"https:\/\/soloweb.com.br\/demos\/imoveis\/wp-json\/wp\/v2\/users\/1"}],"replies":[{"embeddable":true,"href":"https:\/\/soloweb.com.br\/demos\/imoveis\/wp-json\/wp\/v2\/comments?post=257"}],"version-history":[{"count":12,"href":"https:\/\/soloweb.com.br\/demos\/imoveis\/wp-json\/wp\/v2\/pages\/257\/revisions"}],"predecessor-version":[{"id":1486,"href":"https:\/\/soloweb.com.br\/demos\/imoveis\/wp-json\/wp\/v2\/pages\/257\/revisions\/1486"}],"wp:attachment":[{"href":"https:\/\/soloweb.com.br\/demos\/imoveis\/wp-json\/wp\/v2\/media?parent=257"}],"curies":[{"name":"wp","href":"https:\/\/api.w.org\/{rel}","templated":true}]}}