{"id":27,"date":"2021-07-17T09:42:26","date_gmt":"2021-07-17T09:42:26","guid":{"rendered":"https:\/\/demo.athemes.com\/botiga\/shop\/"},"modified":"2026-02-20T15:21:01","modified_gmt":"2026-02-20T15:21:01","slug":"sobre","status":"publish","type":"page","link":"https:\/\/soloweb.com.br\/demos\/imoveis\/sobre\/","title":{"rendered":"Sobre"},"content":{"rendered":"\n<p>Bem-vindo \u00e0\u00a0<strong>SOLOWEB Neg\u00f3cios Imobili\u00e1rios<\/strong>, sua parceira de confian\u00e7a no mercado imobili\u00e1rio do Distrito Federal! Localizada no QN 320 loja 04 &#8211; Samambaia, Bras\u00edlia, estamos prontos para encontrar o im\u00f3vel dos seus sonhos ou a realizar neg\u00f3cios seguros e vantajosos.<\/p>\n\n\n\n<p>Na\u00a0<strong>SOLOWEB Neg\u00f3cios Imobili\u00e1rios<\/strong>, acreditamos que cada im\u00f3vel \u00e9 mais do que uma estrutura f\u00edsica; \u00e9 um lar, um investimento, um espa\u00e7o para criar mem\u00f3rias e construir o futuro. Por isso, dedicamos nosso trabalho a oferecer um atendimento personalizado, transparente e eficiente, sempre com foco nas necessidades e expectativas dos nossos clientes.<\/p>\n\n\n\n<p>Nossa equipe \u00e9 formada por profissionais experientes e altamente qualificados, que conhecem profundamente o mercado imobili\u00e1rio do Distrito Federal. Oferecemos uma ampla gama de servi\u00e7os, desde a compra, venda e loca\u00e7\u00e3o de im\u00f3veis residenciais e comerciais at\u00e9 assessoria especializada em investimentos e avalia\u00e7\u00f5es.<\/p>\n\n\n\n<p>Na\u00a0<strong>SOLOWEB Neg\u00f3cios Imobili\u00e1rios<\/strong>, valorizamos a \u00e9tica, a transpar\u00eancia e o compromisso com a satisfa\u00e7\u00e3o dos nossos clientes. Nosso objetivo \u00e9 transformar o processo de compra, venda ou loca\u00e7\u00e3o de im\u00f3veis em uma experi\u00eancia tranquila, segura e gratificante.<\/p>\n\n\n\n<p><strong>Venha nos conhecer! Estamos \u00e0 disposi\u00e7\u00e3o para atend\u00ea-lo em nossa sede, ou atrav\u00e9s do nosso site<\/strong>&nbsp;<a href=\"http:\/\/www.soloweb.com.br\/demos\/imoveis\/\" target=\"_blank\" rel=\"noreferrer noopener\">www.soloweb.com.br\/demos\/imoveis<\/a>. <strong>Na&nbsp;F\u00eanyx Neg\u00f3cios Imobili\u00e1rios, seu sonho imobili\u00e1rio est\u00e1 mais perto do que voc\u00ea imagina!<\/strong><\/p>\n\n\n\n<p><strong><strong>SOLOWEB Neg\u00f3cios Imobili\u00e1rios<\/strong><\/strong>\u00a0\u2013 Conectando voc\u00ea ao seu futuro!<\/p>\n\n\n\n<p><\/p>\n","protected":false},"excerpt":{"rendered":"<p>Bem-vindo \u00e0\u00a0SOLOWEB Neg\u00f3cios Imobili\u00e1rios, sua parceira de confian\u00e7a no mercado imobili\u00e1rio do Distrito Federal! Localizada no QN 320 loja 04 &#8211; Samambaia, Bras\u00edlia, estamos prontos para encontrar o im\u00f3vel dos [&hellip;]<\/p>\n","protected":false},"author":1,"featured_media":0,"parent":0,"menu_order":0,"comment_status":"closed","ping_status":"closed","template":"","meta":{"footnotes":""},"class_list":["post-27","page","type-page","status-publish","hentry"],"_links":{"self":[{"href":"https:\/\/soloweb.com.br\/demos\/imoveis\/wp-json\/wp\/v2\/pages\/27","targetHints":{"allow":["GET"]}}],"collection":[{"href":"https:\/\/soloweb.com.br\/demos\/imoveis\/wp-json\/wp\/v2\/pages"}],"about":[{"href":"https:\/\/soloweb.com.br\/demos\/imoveis\/wp-json\/wp\/v2\/types\/page"}],"author":[{"embeddable":true,"href":"https:\/\/soloweb.com.br\/demos\/imoveis\/wp-json\/wp\/v2\/users\/1"}],"replies":[{"embeddable":true,"href":"https:\/\/soloweb.com.br\/demos\/imoveis\/wp-json\/wp\/v2\/comments?post=27"}],"version-history":[{"count":12,"href":"https:\/\/soloweb.com.br\/demos\/imoveis\/wp-json\/wp\/v2\/pages\/27\/revisions"}],"predecessor-version":[{"id":1485,"href":"https:\/\/soloweb.com.br\/demos\/imoveis\/wp-json\/wp\/v2\/pages\/27\/revisions\/1485"}],"wp:attachment":[{"href":"https:\/\/soloweb.com.br\/demos\/imoveis\/wp-json\/wp\/v2\/media?parent=27"}],"curies":[{"name":"wp","href":"https:\/\/api.w.org\/{rel}","templated":true}]}}