{"id":1270,"date":"2023-12-28T19:30:53","date_gmt":"2023-12-28T19:30:53","guid":{"rendered":"https:\/\/soloweb.com.br\/demos\/imoveis\/?post_type=product&#038;p=1270"},"modified":"2024-02-02T02:55:01","modified_gmt":"2024-02-02T02:55:01","slug":"casa-aluguel","status":"publish","type":"product","link":"https:\/\/soloweb.com.br\/demos\/imoveis\/produto\/casa-aluguel\/","title":{"rendered":"Casa Aluguel"},"content":{"rendered":"<div>\n<p>Excelente casa com 3 pavimentos, localiza\u00e7\u00e3o privilegiada, dispon\u00edvel para loca\u00e7\u00e3o ou arrendamento.<\/p>\n<p>Pr\u00f3ximo a padaria, restaurantes, ponto de \u00f4nibus, mercado, drogaria, ao aeroporto, lot\u00e9rica, e tamb\u00e9m a orla principal e mais movimentada do bairro Pontal.<\/p>\n<\/div>\n<div>\n<div class=\"linha-corpo-grid\">\n<div class=\"row list-inline\">\n<div class=\"col-xs-12 col-sm-6\">\n<p>Dormit\u00f3rios: <b class=\"pull-right\">2<\/b><\/p>\n<div class=\"line-car\"><\/div>\n<\/div>\n<div class=\"col-xs-12 col-sm-6\">\n<p>Banheiros: <b class=\"pull-right\">2<\/b><\/p>\n<div class=\"line-car\"><\/div>\n<\/div>\n<div class=\"col-xs-12 col-sm-6\">\n<p>Su\u00edtes: <b class=\"pull-right\">1<\/b><\/p>\n<div class=\"line-car\"><\/div>\n<\/div>\n<div class=\"col-xs-12 col-sm-6\">\n<p>Cozinha: <b class=\"pull-right\">1<\/b><\/p>\n<div class=\"line-car\"><\/div>\n<\/div>\n<div class=\"col-xs-12 col-sm-6\">\n<p>Garagem: <b class=\"pull-right\">1<\/b><\/p>\n<div class=\"line-car\"><\/div>\n<\/div>\n<\/div>\n<\/div>\n<div class=\"space-detalhes\"><\/div>\n<div class=\"linha-corpo-grid\">\n<h2 class=\"title-grid\">MEDIDAS<\/h2>\n<div class=\"row list-inline\">\n<div class=\"col-xs-12 col-sm-6\">\n<p>\u00c1rea Total: <b class=\"pull-right\">100,00 M\u00b2<\/b><\/p>\n<div class=\"line-car\"><\/div>\n<\/div>\n<div class=\"col-xs-12 col-sm-6\">\n<p>\u00c1rea Privativa: <b class=\"pull-right\">95,00 M\u00b2<\/b><\/p>\n<div class=\"line-car\"><\/div>\n<\/div>\n<div class=\"col-xs-12 col-sm-6\">\u00c1rea \u00datil<\/div>\n<\/div>\n<\/div>\n<\/div>\n<div class=\"col-sm-6 col-xs-12\">\n<p>Loca\u00e7\u00e3o: <b class=\"pull-right\">R$ 2.000,00<\/b><\/p>\n<div class=\"line-car\"><\/div>\n<\/div>\n<div class=\"col-sm-6 col-xs-12\">\n<p>IPTU: <b class=\"pull-right\">R$ 500,00 &#8211; Anual<\/b><\/p>\n<div class=\"line-car\"><\/div>\n<\/div>\n<div class=\"col-sm-6 col-xs-12\">\n<p>Ano de Constru\u00e7\u00e3o: <b class=\"pull-right\">2001<\/b><\/p>\n<div class=\"line-car\"><\/div>\n<\/div>\n<div class=\"col-sm-6 col-xs-12\">\n<p>Ano de Reforma: <b class=\"pull-right\">2019<\/b><\/p>\n<div class=\"line-car\"><\/div>\n<\/div>\n<div class=\"col-sm-6 col-xs-12\">\n<p>Posi\u00e7\u00e3o: <b class=\"pull-right\">Fundos<\/b><\/p>\n<div class=\"line-car\"><\/div>\n<\/div>\n<div class=\"col-sm-6 col-xs-12\">Orienta\u00e7\u00e3o: <b class=\"pull-right\">Norte<\/b><\/div>\n","protected":false},"excerpt":{"rendered":"<div class=\"linha-corpo-grid\">\n<div class=\"row list-inline\">\n<div class=\"col-xs-12 col-sm-6\">\n<p>Dormit\u00f3rios: <b class=\"pull-right\">2<\/b><\/p>\n<div class=\"line-car\"><\/div>\n<\/div>\n<div class=\"col-xs-12 col-sm-6\">\n<p>Banheiros: <b class=\"pull-right\">2<\/b><\/p>\n<div class=\"line-car\"><\/div>\n<\/div>\n<div class=\"col-xs-12 col-sm-6\">\n<p>Su\u00edtes: <b class=\"pull-right\">1<\/b><\/p>\n<div class=\"line-car\"><\/div>\n<\/div>\n<div class=\"col-xs-12 col-sm-6\">\n<p>Cozinha: <b class=\"pull-right\">1<\/b><\/p>\n<div class=\"line-car\"><\/div>\n<\/div>\n<div class=\"col-xs-12 col-sm-6\">\n<p>Garagem: <b class=\"pull-right\">1<\/b><\/p>\n<div><\/div>\n<div class=\"line-car\">\u00c1rea Total: <b class=\"pull-right\">100,00 M\u00b2<\/b><\/div>\n<\/div>\n<\/div>\n<\/div>\n<div class=\"linha-corpo-grid\">\n<div class=\"row list-inline\">\n<div class=\"col-xs-12 col-sm-6\">\n<div class=\"line-car\"><\/div>\n<\/div>\n<div class=\"col-xs-12 col-sm-6\">\u00c1rea Privativa: <b class=\"pull-right\">95,00 M\u00b2<\/b><\/div>\n<\/div>\n<\/div>\n","protected":false},"featured_media":1271,"comment_status":"open","ping_status":"closed","template":"","meta":[],"product_brand":[],"product_cat":[31],"product_tag":[],"class_list":{"0":"post-1270","1":"product","2":"type-product","3":"status-publish","4":"has-post-thumbnail","6":"product_cat-aluguel","8":"first","9":"instock","10":"shipping-taxable","11":"product-type-external"},"_links":{"self":[{"href":"https:\/\/soloweb.com.br\/demos\/imoveis\/wp-json\/wp\/v2\/product\/1270","targetHints":{"allow":["GET"]}}],"collection":[{"href":"https:\/\/soloweb.com.br\/demos\/imoveis\/wp-json\/wp\/v2\/product"}],"about":[{"href":"https:\/\/soloweb.com.br\/demos\/imoveis\/wp-json\/wp\/v2\/types\/product"}],"replies":[{"embeddable":true,"href":"https:\/\/soloweb.com.br\/demos\/imoveis\/wp-json\/wp\/v2\/comments?post=1270"}],"wp:featuredmedia":[{"embeddable":true,"href":"https:\/\/soloweb.com.br\/demos\/imoveis\/wp-json\/wp\/v2\/media\/1271"}],"wp:attachment":[{"href":"https:\/\/soloweb.com.br\/demos\/imoveis\/wp-json\/wp\/v2\/media?parent=1270"}],"wp:term":[{"taxonomy":"product_brand","embeddable":true,"href":"https:\/\/soloweb.com.br\/demos\/imoveis\/wp-json\/wp\/v2\/product_brand?post=1270"},{"taxonomy":"product_cat","embeddable":true,"href":"https:\/\/soloweb.com.br\/demos\/imoveis\/wp-json\/wp\/v2\/product_cat?post=1270"},{"taxonomy":"product_tag","embeddable":true,"href":"https:\/\/soloweb.com.br\/demos\/imoveis\/wp-json\/wp\/v2\/product_tag?post=1270"}],"curies":[{"name":"wp","href":"https:\/\/api.w.org\/{rel}","templated":true}]}}