{"id":94,"date":"2021-07-18T08:40:27","date_gmt":"2021-07-18T08:40:27","guid":{"rendered":"https:\/\/demo.athemes.com\/botiga\/?post_type=product&#038;p=94"},"modified":"2022-09-01T12:08:44","modified_gmt":"2022-09-01T12:08:44","slug":"ultra-facial-moisturizing-cream-with-squalane-combination","status":"publish","type":"product","link":"https:\/\/soloweb.com.br\/demos\/lojavirtual1\/produto\/ultra-facial-moisturizing-cream-with-squalane-combination\/","title":{"rendered":"Creme de pele super tenta\u00e7\u00e3o"},"content":{"rendered":"<p>O seu<strong>\u00a0creme hidratante\u00a0<\/strong>favorito est\u00e1 de cara nova! A embalagem mudou, mas ele conta com mesma fragr\u00e2ncia e os benef\u00edcios que a gente adora:<\/p>\n<p>&#8211;\u00a0\u00a0\u00a0\u00a0\u00a0\u00a0\u00a0\u00a0\u00a0Perfuma\u00e7\u00e3o intensa e prolongada;<\/p>\n<p>&#8211;\u00a0\u00a0\u00a0\u00a0\u00a0\u00a0\u00a0\u00a0\u00a0Hidrata\u00e7\u00e3o por at\u00e9 48h;<\/p>\n<p>&#8211;\u00a0\u00a0\u00a0\u00a0\u00a0\u00a0\u00a0\u00a0\u00a0Textura macia e aveludada;<\/p>\n<p>&#8211;\u00a0\u00a0\u00a0\u00a0\u00a0\u00a0\u00a0\u00a0\u00a0Desliza suavemente pela sua pele.<\/p>\n<p>O\u00a0<strong>creme acetinado \u00e9 a combina\u00e7\u00e3o perfeita de perfuma\u00e7\u00e3o intensa e prolongada<\/strong> com a sofisticada fragr\u00e2ncia. Sua textura aveludada e macia desliza facilmente na pele.<\/p>\n<p>Composto por Manteiga que cria uma pel\u00edcula protetora e Vitamina E, o<strong>\u00a0creme corporal proporciona pele protegida* e hidrata\u00e7\u00e3o por at\u00e9 48 horas<\/strong>, tem r\u00e1pida absor\u00e7\u00e3o para uma sensa\u00e7\u00e3o de pele sequinha.<\/p>\n<p>*FFto meramente ilustrativa<\/p>\n","protected":false},"excerpt":{"rendered":"<p>O seu<strong>\u00a0creme hidratante\u00a0<\/strong>favorito est\u00e1 de cara nova! A embalagem mudou, mas ele conta com mesma fragr\u00e2ncia e os benef\u00edcios que a gente adora:<\/p>\n<div id=\"gtx-trans\" style=\"position: absolute; left: 292px; top: 37px;\">\n<div class=\"gtx-trans-icon\"><\/div>\n<\/div>\n","protected":false},"featured_media":317,"comment_status":"open","ping_status":"closed","template":"","meta":{"_uag_custom_page_level_css":""},"product_brand":[],"product_cat":[16,24],"product_tag":[],"class_list":{"0":"post-94","1":"product","2":"type-product","3":"status-publish","4":"has-post-thumbnail","6":"product_cat-cosmeticos","7":"product_cat-maquiagem","9":"first","10":"instock","11":"shipping-taxable","12":"purchasable","13":"product-type-simple"},"uagb_featured_image_src":{"full":["https:\/\/soloweb.com.br\/demos\/lojavirtual1\/wp-content\/uploads\/2021\/07\/Beaucoup.jpg",1050,1260,false],"thumbnail":["https:\/\/soloweb.com.br\/demos\/lojavirtual1\/wp-content\/uploads\/2021\/07\/Beaucoup-150x150.jpg",150,150,true],"medium":["https:\/\/soloweb.com.br\/demos\/lojavirtual1\/wp-content\/uploads\/2021\/07\/Beaucoup-250x300.jpg",250,300,true],"medium_large":["https:\/\/soloweb.com.br\/demos\/lojavirtual1\/wp-content\/uploads\/2021\/07\/Beaucoup-768x922.jpg",768,922,true],"large":["https:\/\/soloweb.com.br\/demos\/lojavirtual1\/wp-content\/uploads\/2021\/07\/Beaucoup-853x1024.jpg",853,1024,true],"1536x1536":["https:\/\/soloweb.com.br\/demos\/lojavirtual1\/wp-content\/uploads\/2021\/07\/Beaucoup.jpg",1050,1260,false],"2048x2048":["https:\/\/soloweb.com.br\/demos\/lojavirtual1\/wp-content\/uploads\/2021\/07\/Beaucoup.jpg",1050,1260,false],"botiga-extra-large":["https:\/\/soloweb.com.br\/demos\/lojavirtual1\/wp-content\/uploads\/2021\/07\/Beaucoup.jpg",1050,1260,false],"botiga-large":["https:\/\/soloweb.com.br\/demos\/lojavirtual1\/wp-content\/uploads\/2021\/07\/Beaucoup-920x1104.jpg",920,1104,true],"botiga-big":["https:\/\/soloweb.com.br\/demos\/lojavirtual1\/wp-content\/uploads\/2021\/07\/Beaucoup-575x690.jpg",575,690,true],"botiga-medium":["https:\/\/soloweb.com.br\/demos\/lojavirtual1\/wp-content\/uploads\/2021\/07\/Beaucoup-380x456.jpg",380,456,true],"woocommerce_thumbnail":["https:\/\/soloweb.com.br\/demos\/lojavirtual1\/wp-content\/uploads\/2021\/07\/Beaucoup-420x504.jpg",420,504,true],"woocommerce_single":["https:\/\/soloweb.com.br\/demos\/lojavirtual1\/wp-content\/uploads\/2021\/07\/Beaucoup-800x960.jpg",800,960,true],"woocommerce_gallery_thumbnail":["https:\/\/soloweb.com.br\/demos\/lojavirtual1\/wp-content\/uploads\/2021\/07\/Beaucoup-100x100.jpg",100,100,true]},"uagb_author_info":{"display_name":"loja1-admin","author_link":"https:\/\/soloweb.com.br\/demos\/lojavirtual1\/author\/"},"uagb_comment_info":0,"uagb_excerpt":"O seu\u00a0creme hidratante\u00a0favorito est\u00e1 de cara nova! A embalagem mudou, mas ele conta com mesma fragr\u00e2ncia e os benef\u00edcios que a gente adora:","_links":{"self":[{"href":"https:\/\/soloweb.com.br\/demos\/lojavirtual1\/wp-json\/wp\/v2\/product\/94","targetHints":{"allow":["GET"]}}],"collection":[{"href":"https:\/\/soloweb.com.br\/demos\/lojavirtual1\/wp-json\/wp\/v2\/product"}],"about":[{"href":"https:\/\/soloweb.com.br\/demos\/lojavirtual1\/wp-json\/wp\/v2\/types\/product"}],"replies":[{"embeddable":true,"href":"https:\/\/soloweb.com.br\/demos\/lojavirtual1\/wp-json\/wp\/v2\/comments?post=94"}],"wp:featuredmedia":[{"embeddable":true,"href":"https:\/\/soloweb.com.br\/demos\/lojavirtual1\/wp-json\/wp\/v2\/media\/317"}],"wp:attachment":[{"href":"https:\/\/soloweb.com.br\/demos\/lojavirtual1\/wp-json\/wp\/v2\/media?parent=94"}],"wp:term":[{"taxonomy":"product_brand","embeddable":true,"href":"https:\/\/soloweb.com.br\/demos\/lojavirtual1\/wp-json\/wp\/v2\/product_brand?post=94"},{"taxonomy":"product_cat","embeddable":true,"href":"https:\/\/soloweb.com.br\/demos\/lojavirtual1\/wp-json\/wp\/v2\/product_cat?post=94"},{"taxonomy":"product_tag","embeddable":true,"href":"https:\/\/soloweb.com.br\/demos\/lojavirtual1\/wp-json\/wp\/v2\/product_tag?post=94"}],"curies":[{"name":"wp","href":"https:\/\/api.w.org\/{rel}","templated":true}]}}