{"id":549,"date":"2022-08-25T17:32:22","date_gmt":"2022-08-25T17:32:22","guid":{"rendered":"https:\/\/soloweb.com.br\/demos\/siteinstitucional\/?page_id=549"},"modified":"2025-06-06T20:13:57","modified_gmt":"2025-06-06T20:13:57","slug":"servicos","status":"publish","type":"page","link":"https:\/\/soloweb.com.br\/demos\/siteinstitucional\/servicos\/","title":{"rendered":"Nossos Servi\u00e7os"},"content":{"rendered":"\n<p>Oferecemos uma gama de servi\u00e7os para voc\u00ea e sua empresa.<\/p>\n\n\n\n<p><\/p>\n\n\n\n<p><strong>Gerenciamento e Administra\u00e7\u00e3o<br><\/strong>* Administra\u00e7\u00e3o e gerenciamento de servidores<br>* Gest\u00e3o e configura\u00e7\u00e3o AWS(Amazon Web Services)<br>* Monitoramento com Zabbix e Grafana<br>* Automatiza\u00e7\u00e3o de Backup<\/p>\n\n\n\n<p><strong>Constru\u00e7\u00e3o de Sites<br><\/strong>* Cria\u00e7\u00e3o de Site Institucional<br>* Cria\u00e7\u00e3o de Lojas Virtual<br>* Cria\u00e7\u00e3o de Portal de Not\u00edcia<br>* Cria\u00e7\u00e3o de Site para Im\u00f3veis<br>* Cria\u00e7\u00e3o de Site Personalizados, blogs, etc.<br>* Construtor de Site<br>* Otimiza\u00e7\u00e3o de sites<br>* Otimiza\u00e7\u00e3o SEO de Sites<br>* Instala\u00e7\u00e3o e configura\u00e7\u00e3o de tags(Google, Facebook, etc.)<br>* Freelance Especializado<\/p>\n\n\n\n<p><strong>Constru\u00e7\u00e3o de Sistemas<br><\/strong>* Desenvolvimento de sistemas personalizados<br>* Manuten\u00e7\u00e3o de sistemas<br>* Solu\u00e7\u00f5es para seu neg\u00f3cio<\/p>\n\n\n<div class=\"wp-block-image is-style-rounded wp-duotone-unset-1\">\n<figure class=\"aligncenter size-medium is-resized advgb-dyn-2ad2516d\"><img loading=\"lazy\" decoding=\"async\" width=\"300\" height=\"200\" src=\"https:\/\/soloweb.com.br\/demos\/siteinstitucional\/wp-content\/uploads\/2023\/09\/pexels-photo-3183197-1-300x200.jpeg\" alt=\"\" class=\"wp-image-724\" style=\"aspect-ratio:3\/2;object-fit:cover;width:605px\" srcset=\"https:\/\/soloweb.com.br\/demos\/siteinstitucional\/wp-content\/uploads\/2023\/09\/pexels-photo-3183197-1-300x200.jpeg 300w, https:\/\/soloweb.com.br\/demos\/siteinstitucional\/wp-content\/uploads\/2023\/09\/pexels-photo-3183197-1-1024x683.jpeg 1024w, https:\/\/soloweb.com.br\/demos\/siteinstitucional\/wp-content\/uploads\/2023\/09\/pexels-photo-3183197-1-768x512.jpeg 768w, https:\/\/soloweb.com.br\/demos\/siteinstitucional\/wp-content\/uploads\/2023\/09\/pexels-photo-3183197-1-920x614.jpeg 920w, https:\/\/soloweb.com.br\/demos\/siteinstitucional\/wp-content\/uploads\/2023\/09\/pexels-photo-3183197-1-575x384.jpeg 575w, https:\/\/soloweb.com.br\/demos\/siteinstitucional\/wp-content\/uploads\/2023\/09\/pexels-photo-3183197-1-380x254.jpeg 380w, https:\/\/soloweb.com.br\/demos\/siteinstitucional\/wp-content\/uploads\/2023\/09\/pexels-photo-3183197-1.jpeg 1124w\" sizes=\"auto, (max-width: 300px) 100vw, 300px\" \/><\/figure>\n<\/div>\n\n\n<p><\/p>\n\n\n\n<p class=\"has-text-align-center\"><strong>Caso tenha d\u00favidas entre em contato conosco, teremos o prazer em atender.<\/strong><\/p>\n\n\n\n<p><\/p>\n","protected":false},"excerpt":{"rendered":"<p>Oferecemos uma gama de servi\u00e7os para voc\u00ea e sua empresa. Gerenciamento e Administra\u00e7\u00e3o* Administra\u00e7\u00e3o e gerenciamento de servidores* Gest\u00e3o e configura\u00e7\u00e3o AWS(Amazon Web Services)* Monitoramento com Zabbix e Grafana* Automatiza\u00e7\u00e3o [&hellip;]<\/p>\n","protected":false},"author":1,"featured_media":0,"parent":0,"menu_order":0,"comment_status":"closed","ping_status":"closed","template":"","meta":{"_uag_custom_page_level_css":"","advgb_blocks_editor_width":"","advgb_blocks_columns_visual_guide":"","footnotes":""},"class_list":["post-549","page","type-page","status-publish","hentry"],"aioseo_notices":[],"featured_image_src":null,"featured_image_src_square":null,"uagb_featured_image_src":{"full":false,"thumbnail":false,"medium":false,"medium_large":false,"large":false,"1536x1536":false,"2048x2048":false,"gb-block-post-grid-landscape":false,"gb-block-post-grid-square":false,"botiga-extra-large":false,"botiga-large":false,"botiga-big":false,"botiga-medium":false},"uagb_author_info":{"display_name":"site1-admin","author_link":"https:\/\/soloweb.com.br\/demos\/siteinstitucional\/author\/usw_sites\/"},"uagb_comment_info":0,"uagb_excerpt":"Oferecemos uma gama de servi\u00e7os para voc\u00ea e sua empresa. Gerenciamento e Administra\u00e7\u00e3o* Administra\u00e7\u00e3o e gerenciamento de servidores* Gest\u00e3o e configura\u00e7\u00e3o AWS(Amazon Web Services)* Monitoramento com Zabbix e Grafana* Automatiza\u00e7\u00e3o [&hellip;]","coauthors":[],"author_meta":{"author_link":"https:\/\/soloweb.com.br\/demos\/siteinstitucional\/author\/usw_sites\/","display_name":"site1-admin"},"relative_dates":{"created":"Publicado 4 anos atr\u00e1s","modified":"Atualizado 11 meses atr\u00e1s"},"absolute_dates":{"created":"Publicado em agosto 25, 2022","modified":"Atualizado em junho 6, 2025"},"absolute_dates_time":{"created":"Publicado em agosto 25, 2022 5:32 pm","modified":"Atualizado em junho 6, 2025 8:13 pm"},"featured_img_caption":"","featured_img":false,"series_order":"","_links":{"self":[{"href":"https:\/\/soloweb.com.br\/demos\/siteinstitucional\/wp-json\/wp\/v2\/pages\/549","targetHints":{"allow":["GET"]}}],"collection":[{"href":"https:\/\/soloweb.com.br\/demos\/siteinstitucional\/wp-json\/wp\/v2\/pages"}],"about":[{"href":"https:\/\/soloweb.com.br\/demos\/siteinstitucional\/wp-json\/wp\/v2\/types\/page"}],"author":[{"embeddable":true,"href":"https:\/\/soloweb.com.br\/demos\/siteinstitucional\/wp-json\/wp\/v2\/users\/1"}],"replies":[{"embeddable":true,"href":"https:\/\/soloweb.com.br\/demos\/siteinstitucional\/wp-json\/wp\/v2\/comments?post=549"}],"version-history":[{"count":6,"href":"https:\/\/soloweb.com.br\/demos\/siteinstitucional\/wp-json\/wp\/v2\/pages\/549\/revisions"}],"predecessor-version":[{"id":985,"href":"https:\/\/soloweb.com.br\/demos\/siteinstitucional\/wp-json\/wp\/v2\/pages\/549\/revisions\/985"}],"wp:attachment":[{"href":"https:\/\/soloweb.com.br\/demos\/siteinstitucional\/wp-json\/wp\/v2\/media?parent=549"}],"curies":[{"name":"wp","href":"https:\/\/api.w.org\/{rel}","templated":true}]}}