{"id":551,"date":"2022-08-25T17:33:30","date_gmt":"2022-08-25T17:33:30","guid":{"rendered":"https:\/\/soloweb.com.br\/demos\/siteinstitucional\/?page_id=551"},"modified":"2025-07-15T12:48:42","modified_gmt":"2025-07-15T12:48:42","slug":"quem-somos","status":"publish","type":"page","link":"https:\/\/soloweb.com.br\/demos\/siteinstitucional\/quem-somos\/","title":{"rendered":"Quem Somos"},"content":{"rendered":"\n<p>A SOLOWEB \u00e9 mais do que uma empresa de tecnologia; somos seus parceiros de confian\u00e7a na jornada rumo \u00e0 excel\u00eancia tecnol\u00f3gica. Com anos de experi\u00eancia no setor, desenvolvemos uma equipe altamente qualificada, apaixonada e dedicada a entregar resultados de alta qualidade. Nossa expertise abrange uma ampla gama de servi\u00e7os.<\/p>\n\n\n<div class=\"aligncenter wp-block-site-logo\"><a href=\"https:\/\/soloweb.com.br\/demos\/siteinstitucional\/\" class=\"custom-logo-link\" rel=\"home\"><img loading=\"lazy\" decoding=\"async\" width=\"238\" height=\"152\" src=\"https:\/\/soloweb.com.br\/demos\/siteinstitucional\/wp-content\/uploads\/2024\/07\/logo.png\" class=\"custom-logo\" alt=\"Site Modelo &#8211; SOLOWEB\" srcset=\"https:\/\/soloweb.com.br\/demos\/siteinstitucional\/wp-content\/uploads\/2024\/07\/logo.png 386w, https:\/\/soloweb.com.br\/demos\/siteinstitucional\/wp-content\/uploads\/2024\/07\/logo-300x193.png 300w, https:\/\/soloweb.com.br\/demos\/siteinstitucional\/wp-content\/uploads\/2024\/07\/logo-380x244.png 380w\" sizes=\"auto, (max-width: 238px) 100vw, 238px\" \/><\/a><\/div>\n\n\n<p><\/p>\n\n\n\n<p>A SOLOWEB \u00e9 mais do que uma empresa de tecnologia; somos seus parceiros de confian\u00e7a na jornada rumo \u00e0 excel\u00eancia tecnol\u00f3gica. Com anos de experi\u00eancia no setor, desenvolvemos uma equipe altamente qualificada, apaixonada e dedicada a entregar resultados de alta qualidade. Nossa expertise abrange uma ampla gama de servi\u00e7os.<\/p>\n\n\n\n<p class=\"has-text-align-center\"><strong>Entre em contato conosco agora mesmo e solicite um or\u00e7amento!!!<\/strong><\/p>\n","protected":false},"excerpt":{"rendered":"<p>A SOLOWEB \u00e9 mais do que uma empresa de tecnologia; somos seus parceiros de confian\u00e7a na jornada rumo \u00e0 excel\u00eancia tecnol\u00f3gica. Com anos de experi\u00eancia no setor, desenvolvemos uma equipe [&hellip;]<\/p>\n","protected":false},"author":1,"featured_media":0,"parent":0,"menu_order":0,"comment_status":"closed","ping_status":"closed","template":"","meta":{"_uag_custom_page_level_css":"","advgb_blocks_editor_width":"","advgb_blocks_columns_visual_guide":"","footnotes":""},"class_list":["post-551","page","type-page","status-publish","hentry"],"aioseo_notices":[],"featured_image_src":null,"featured_image_src_square":null,"uagb_featured_image_src":{"full":false,"thumbnail":false,"medium":false,"medium_large":false,"large":false,"1536x1536":false,"2048x2048":false,"gb-block-post-grid-landscape":false,"gb-block-post-grid-square":false,"botiga-extra-large":false,"botiga-large":false,"botiga-big":false,"botiga-medium":false},"uagb_author_info":{"display_name":"site1-admin","author_link":"https:\/\/soloweb.com.br\/demos\/siteinstitucional\/author\/usw_sites\/"},"uagb_comment_info":0,"uagb_excerpt":"A SOLOWEB \u00e9 mais do que uma empresa de tecnologia; somos seus parceiros de confian\u00e7a na jornada rumo \u00e0 excel\u00eancia tecnol\u00f3gica. Com anos de experi\u00eancia no setor, desenvolvemos uma equipe [&hellip;]","coauthors":[],"author_meta":{"author_link":"https:\/\/soloweb.com.br\/demos\/siteinstitucional\/author\/usw_sites\/","display_name":"site1-admin"},"relative_dates":{"created":"Publicado 4 anos atr\u00e1s","modified":"Atualizado 9 meses atr\u00e1s"},"absolute_dates":{"created":"Publicado em agosto 25, 2022","modified":"Atualizado em julho 15, 2025"},"absolute_dates_time":{"created":"Publicado em agosto 25, 2022 5:33 pm","modified":"Atualizado em julho 15, 2025 12:48 pm"},"featured_img_caption":"","featured_img":false,"series_order":"","_links":{"self":[{"href":"https:\/\/soloweb.com.br\/demos\/siteinstitucional\/wp-json\/wp\/v2\/pages\/551","targetHints":{"allow":["GET"]}}],"collection":[{"href":"https:\/\/soloweb.com.br\/demos\/siteinstitucional\/wp-json\/wp\/v2\/pages"}],"about":[{"href":"https:\/\/soloweb.com.br\/demos\/siteinstitucional\/wp-json\/wp\/v2\/types\/page"}],"author":[{"embeddable":true,"href":"https:\/\/soloweb.com.br\/demos\/siteinstitucional\/wp-json\/wp\/v2\/users\/1"}],"replies":[{"embeddable":true,"href":"https:\/\/soloweb.com.br\/demos\/siteinstitucional\/wp-json\/wp\/v2\/comments?post=551"}],"version-history":[{"count":6,"href":"https:\/\/soloweb.com.br\/demos\/siteinstitucional\/wp-json\/wp\/v2\/pages\/551\/revisions"}],"predecessor-version":[{"id":997,"href":"https:\/\/soloweb.com.br\/demos\/siteinstitucional\/wp-json\/wp\/v2\/pages\/551\/revisions\/997"}],"wp:attachment":[{"href":"https:\/\/soloweb.com.br\/demos\/siteinstitucional\/wp-json\/wp\/v2\/media?parent=551"}],"curies":[{"name":"wp","href":"https:\/\/api.w.org\/{rel}","templated":true}]}}